{"id":34,"date":"2024-07-16T17:56:57","date_gmt":"2024-07-16T17:56:57","guid":{"rendered":"https:\/\/biocure.com.br\/?page_id=34"},"modified":"2024-11-02T17:58:09","modified_gmt":"2024-11-02T17:58:09","slug":"biocure-gel-creme","status":"publish","type":"page","link":"https:\/\/biocure.com.br\/en\/biocure-gel-creme\/","title":{"rendered":"Biocure Gel Creme HBS (antes Regederm)"},"content":{"rendered":"<div data-elementor-type=\"wp-page\" data-elementor-id=\"34\" class=\"elementor elementor-34\" data-elementor-post-type=\"page\">\n\t\t\t\t<div class=\"elementor-element elementor-element-f69c9be e-flex e-con-boxed e-con e-parent\" data-id=\"f69c9be\" data-element_type=\"container\" data-e-type=\"container\" data-settings=\"{&quot;background_background&quot;:&quot;classic&quot;}\">\n\t\t\t\t\t<div class=\"e-con-inner\">\n\t\t<div class=\"elementor-element elementor-element-337a0a8 e-con-full e-flex e-con e-child\" data-id=\"337a0a8\" data-element_type=\"container\" data-e-type=\"container\">\n\t\t\t\t<div class=\"elementor-element elementor-element-79830e3 elementor-widget elementor-widget-heading\" data-id=\"79830e3\" data-element_type=\"widget\" data-e-type=\"widget\" data-widget_type=\"heading.default\">\n\t\t\t\t<div class=\"elementor-widget-container\">\n\t\t\t\t\t<h2 class=\"elementor-heading-title elementor-size-default\">Previously REGEDERM, now<\/h2>\t\t\t\t<\/div>\n\t\t\t\t<\/div>\n\t\t\t\t<div class=\"elementor-element elementor-element-6a4669d elementor-widget elementor-widget-heading\" data-id=\"6a4669d\" data-element_type=\"widget\" data-e-type=\"widget\" data-widget_type=\"heading.default\">\n\t\t\t\t<div class=\"elementor-widget-container\">\n\t\t\t\t\t<h2 class=\"elementor-heading-title elementor-size-default\">Biocure\u00ae Gel Creme HBS<\/h2>\t\t\t\t<\/div>\n\t\t\t\t<\/div>\n\t\t\t\t<div class=\"elementor-element elementor-element-9161edb elementor-widget elementor-widget-heading\" data-id=\"9161edb\" data-element_type=\"widget\" data-e-type=\"widget\" data-widget_type=\"heading.default\">\n\t\t\t\t<div class=\"elementor-widget-container\">\n\t\t\t\t\t<h2 class=\"elementor-heading-title elementor-size-default\">THE NEXT STEP IN SKIN REGENERATION<\/h2>\t\t\t\t<\/div>\n\t\t\t\t<\/div>\n\t\t\t\t<\/div>\n\t\t<div class=\"elementor-element elementor-element-bcc93ab e-con-full e-flex e-con e-child\" data-id=\"bcc93ab\" data-element_type=\"container\" data-e-type=\"container\">\n\t\t\t\t<div class=\"elementor-element elementor-element-44a721d elementor-widget elementor-widget-image\" data-id=\"44a721d\" data-element_type=\"widget\" data-e-type=\"widget\" data-widget_type=\"image.default\">\n\t\t\t\t<div class=\"elementor-widget-container\">\n\t\t\t\t\t\t\t\t\t\t\t\t\t\t\t<img fetchpriority=\"high\" decoding=\"async\" width=\"500\" height=\"813\" src=\"https:\/\/biocure.com.br\/wp-content\/uploads\/2024\/07\/produto_01-copia.png\" class=\"attachment-large size-large wp-image-64\" alt=\"\" srcset=\"https:\/\/biocure.com.br\/wp-content\/uploads\/2024\/07\/produto_01-copia.png 500w, https:\/\/biocure.com.br\/wp-content\/uploads\/2024\/07\/produto_01-copia-185x300.png 185w\" sizes=\"(max-width: 500px) 100vw, 500px\" \/>\t\t\t\t\t\t\t\t\t\t\t\t\t\t\t<\/div>\n\t\t\t\t<\/div>\n\t\t\t\t<\/div>\n\t\t\t\t\t<\/div>\n\t\t\t\t<\/div>\n\t\t<div class=\"elementor-element elementor-element-a68096b e-flex e-con-boxed e-con e-parent\" data-id=\"a68096b\" data-element_type=\"container\" data-e-type=\"container\">\n\t\t\t\t\t<div class=\"e-con-inner\">\n\t\t<div class=\"elementor-element elementor-element-ee0d1ae e-con-full e-flex e-con e-child\" data-id=\"ee0d1ae\" data-element_type=\"container\" data-e-type=\"container\">\n\t\t\t\t<div class=\"elementor-element elementor-element-03dd10b elementor-widget elementor-widget-text-editor\" data-id=\"03dd10b\" data-element_type=\"widget\" data-e-type=\"widget\" data-widget_type=\"text-editor.default\">\n\t\t\t\t<div class=\"elementor-widget-container\">\n\t\t\t\t\t\t\t\t\t<p>Biocure\u00ae Gel Cream HBS (formerly Regederm) is a gel-cream containing protein fractions extracted from Hevea Brasiliensis (HBS) that stimulate the formation of new blood vessels and the re-epithelialization process, consequently accelerating wound healing. It also aids in restoring wound hydration and promoting autolytic debridement.<\/p>\t\t\t\t\t\t\t\t<\/div>\n\t\t\t\t<\/div>\n\t\t\t\t<\/div>\n\t\t\t\t\t<\/div>\n\t\t\t\t<\/div>\n\t\t<div class=\"elementor-element elementor-element-aff33cf e-con-full e-flex e-con e-parent\" data-id=\"aff33cf\" data-element_type=\"container\" data-e-type=\"container\">\n\t\t<div class=\"elementor-element elementor-element-b621b61 e-con-full e-flex e-con e-child\" data-id=\"b621b61\" data-element_type=\"container\" data-e-type=\"container\" data-settings=\"{&quot;background_background&quot;:&quot;classic&quot;}\">\n\t\t\t\t<div class=\"elementor-element elementor-element-1b55839 elementor-widget elementor-widget-image\" data-id=\"1b55839\" data-element_type=\"widget\" data-e-type=\"widget\" data-widget_type=\"image.default\">\n\t\t\t\t<div class=\"elementor-widget-container\">\n\t\t\t\t\t\t\t\t\t\t\t\t\t\t\t<img decoding=\"async\" width=\"612\" height=\"349\" src=\"https:\/\/biocure.com.br\/wp-content\/uploads\/2024\/07\/reg01.png\" class=\"attachment-large size-large wp-image-147\" alt=\"\" srcset=\"https:\/\/biocure.com.br\/wp-content\/uploads\/2024\/07\/reg01.png 612w, https:\/\/biocure.com.br\/wp-content\/uploads\/2024\/07\/reg01-300x171.png 300w\" sizes=\"(max-width: 612px) 100vw, 612px\" \/>\t\t\t\t\t\t\t\t\t\t\t\t\t\t\t<\/div>\n\t\t\t\t<\/div>\n\t\t\t\t<div class=\"elementor-element elementor-element-340955e elementor-widget elementor-widget-heading\" data-id=\"340955e\" data-element_type=\"widget\" data-e-type=\"widget\" data-widget_type=\"heading.default\">\n\t\t\t\t<div class=\"elementor-widget-container\">\n\t\t\t\t\t<h2 class=\"elementor-heading-title elementor-size-default\">PROMOTES ANGIOGENESIS<\/h2>\t\t\t\t<\/div>\n\t\t\t\t<\/div>\n\t\t\t\t<\/div>\n\t\t<div class=\"elementor-element elementor-element-4c6cdf0 e-con-full e-flex e-con e-child\" data-id=\"4c6cdf0\" data-element_type=\"container\" data-e-type=\"container\" data-settings=\"{&quot;background_background&quot;:&quot;classic&quot;}\">\n\t\t\t\t<div class=\"elementor-element elementor-element-9e01566 elementor-widget elementor-widget-image\" data-id=\"9e01566\" data-element_type=\"widget\" data-e-type=\"widget\" data-widget_type=\"image.default\">\n\t\t\t\t<div class=\"elementor-widget-container\">\n\t\t\t\t\t\t\t\t\t\t\t\t\t\t\t<img decoding=\"async\" width=\"612\" height=\"349\" src=\"https:\/\/biocure.com.br\/wp-content\/uploads\/2024\/07\/reg02.png\" class=\"attachment-large size-large wp-image-148\" alt=\"\" srcset=\"https:\/\/biocure.com.br\/wp-content\/uploads\/2024\/07\/reg02.png 612w, https:\/\/biocure.com.br\/wp-content\/uploads\/2024\/07\/reg02-300x171.png 300w\" sizes=\"(max-width: 612px) 100vw, 612px\" \/>\t\t\t\t\t\t\t\t\t\t\t\t\t\t\t<\/div>\n\t\t\t\t<\/div>\n\t\t\t\t<div class=\"elementor-element elementor-element-ad605b9 elementor-widget elementor-widget-heading\" data-id=\"ad605b9\" data-element_type=\"widget\" data-e-type=\"widget\" data-widget_type=\"heading.default\">\n\t\t\t\t<div class=\"elementor-widget-container\">\n\t\t\t\t\t<h2 class=\"elementor-heading-title elementor-size-default\">INCREASES FIBROBLAST PROLIFERATION<\/h2>\t\t\t\t<\/div>\n\t\t\t\t<\/div>\n\t\t\t\t<\/div>\n\t\t<div class=\"elementor-element elementor-element-9b930ae e-con-full e-flex e-con e-child\" data-id=\"9b930ae\" data-element_type=\"container\" data-e-type=\"container\" data-settings=\"{&quot;background_background&quot;:&quot;classic&quot;}\">\n\t\t\t\t<div class=\"elementor-element elementor-element-f1e3e32 elementor-widget elementor-widget-image\" data-id=\"f1e3e32\" data-element_type=\"widget\" data-e-type=\"widget\" data-widget_type=\"image.default\">\n\t\t\t\t<div class=\"elementor-widget-container\">\n\t\t\t\t\t\t\t\t\t\t\t\t\t\t\t<img loading=\"lazy\" decoding=\"async\" width=\"612\" height=\"349\" src=\"https:\/\/biocure.com.br\/wp-content\/uploads\/2024\/07\/reg03.png\" class=\"attachment-large size-large wp-image-149\" alt=\"\" srcset=\"https:\/\/biocure.com.br\/wp-content\/uploads\/2024\/07\/reg03.png 612w, https:\/\/biocure.com.br\/wp-content\/uploads\/2024\/07\/reg03-300x171.png 300w\" sizes=\"(max-width: 612px) 100vw, 612px\" \/>\t\t\t\t\t\t\t\t\t\t\t\t\t\t\t<\/div>\n\t\t\t\t<\/div>\n\t\t\t\t<div class=\"elementor-element elementor-element-afb8b1e elementor-widget elementor-widget-heading\" data-id=\"afb8b1e\" data-element_type=\"widget\" data-e-type=\"widget\" data-widget_type=\"heading.default\">\n\t\t\t\t<div class=\"elementor-widget-container\">\n\t\t\t\t\t<h2 class=\"elementor-heading-title elementor-size-default\">SUPPORTS AUTOLYTIC DEBRIDEMENT<\/h2>\t\t\t\t<\/div>\n\t\t\t\t<\/div>\n\t\t\t\t<\/div>\n\t\t\t\t<\/div>\n\t\t<div class=\"elementor-element elementor-element-8f35a9e e-con-full e-flex e-con e-parent\" data-id=\"8f35a9e\" data-element_type=\"container\" data-e-type=\"container\">\n\t\t<div class=\"elementor-element elementor-element-ef793f6 e-con-full e-flex e-con e-child\" data-id=\"ef793f6\" data-element_type=\"container\" data-e-type=\"container\" data-settings=\"{&quot;background_background&quot;:&quot;classic&quot;}\">\n\t\t\t\t<div class=\"elementor-element elementor-element-6ad1249 elementor-widget elementor-widget-heading\" data-id=\"6ad1249\" data-element_type=\"widget\" data-e-type=\"widget\" data-widget_type=\"heading.default\">\n\t\t\t\t<div class=\"elementor-widget-container\">\n\t\t\t\t\t<h2 class=\"elementor-heading-title elementor-size-default\">Biocure\u00ae Gel Creme HBS (antes REGEDERM) fortalece matriz extracelular por meio da diminui\u00e7\u00e3o de sua degrada\u00e7\u00e3o e aumento da s\u00edntese de col\u00e1geno<\/h2>\t\t\t\t<\/div>\n\t\t\t\t<\/div>\n\t\t\t\t<\/div>\n\t\t<div class=\"elementor-element elementor-element-08886a1 e-con-full e-flex e-con e-child\" data-id=\"08886a1\" data-element_type=\"container\" data-e-type=\"container\">\n\t\t\t\t<div class=\"elementor-element elementor-element-d38dc79 elementor-widget elementor-widget-image\" data-id=\"d38dc79\" data-element_type=\"widget\" data-e-type=\"widget\" data-widget_type=\"image.default\">\n\t\t\t\t<div class=\"elementor-widget-container\">\n\t\t\t\t\t\t\t\t\t\t\t\t\t\t\t<img loading=\"lazy\" decoding=\"async\" width=\"1035\" height=\"368\" src=\"https:\/\/biocure.com.br\/wp-content\/uploads\/2024\/07\/reg4.png\" class=\"attachment-full size-full wp-image-150\" alt=\"\" srcset=\"https:\/\/biocure.com.br\/wp-content\/uploads\/2024\/07\/reg4.png 1035w, https:\/\/biocure.com.br\/wp-content\/uploads\/2024\/07\/reg4-300x107.png 300w, https:\/\/biocure.com.br\/wp-content\/uploads\/2024\/07\/reg4-1024x364.png 1024w, https:\/\/biocure.com.br\/wp-content\/uploads\/2024\/07\/reg4-768x273.png 768w\" sizes=\"(max-width: 1035px) 100vw, 1035px\" \/>\t\t\t\t\t\t\t\t\t\t\t\t\t\t\t<\/div>\n\t\t\t\t<\/div>\n\t\t\t\t<\/div>\n\t\t\t\t<\/div>\n\t\t<div class=\"elementor-element elementor-element-384f91f e-flex e-con-boxed e-con e-parent\" data-id=\"384f91f\" data-element_type=\"container\" data-e-type=\"container\">\n\t\t\t\t\t<div class=\"e-con-inner\">\n\t\t\t\t<div class=\"elementor-element elementor-element-70020a8 elementor-widget elementor-widget-image\" data-id=\"70020a8\" data-element_type=\"widget\" data-e-type=\"widget\" data-widget_type=\"image.default\">\n\t\t\t\t<div class=\"elementor-widget-container\">\n\t\t\t\t\t\t\t\t\t\t\t\t\t\t\t<img loading=\"lazy\" decoding=\"async\" width=\"1920\" height=\"311\" src=\"https:\/\/biocure.com.br\/wp-content\/uploads\/2024\/07\/reg-fk-logos.jpg\" class=\"attachment-full size-full wp-image-25\" alt=\"\" srcset=\"https:\/\/biocure.com.br\/wp-content\/uploads\/2024\/07\/reg-fk-logos.jpg 1920w, https:\/\/biocure.com.br\/wp-content\/uploads\/2024\/07\/reg-fk-logos-300x49.jpg 300w, https:\/\/biocure.com.br\/wp-content\/uploads\/2024\/07\/reg-fk-logos-1024x166.jpg 1024w, https:\/\/biocure.com.br\/wp-content\/uploads\/2024\/07\/reg-fk-logos-768x124.jpg 768w, https:\/\/biocure.com.br\/wp-content\/uploads\/2024\/07\/reg-fk-logos-1536x249.jpg 1536w\" sizes=\"(max-width: 1920px) 100vw, 1920px\" \/>\t\t\t\t\t\t\t\t\t\t\t\t\t\t\t<\/div>\n\t\t\t\t<\/div>\n\t\t\t\t\t<\/div>\n\t\t\t\t<\/div>\n\t\t<div class=\"elementor-element elementor-element-caa55a0 e-flex e-con-boxed e-con e-parent\" data-id=\"caa55a0\" data-element_type=\"container\" data-e-type=\"container\" data-settings=\"{&quot;background_background&quot;:&quot;classic&quot;}\">\n\t\t\t\t\t<div class=\"e-con-inner\">\n\t\t<div class=\"elementor-element elementor-element-5010c9a e-con-full e-flex e-con e-child\" data-id=\"5010c9a\" data-element_type=\"container\" data-e-type=\"container\">\n\t\t\t\t<div class=\"elementor-element elementor-element-8ccc1b4 elementor-widget elementor-widget-image\" data-id=\"8ccc1b4\" data-element_type=\"widget\" data-e-type=\"widget\" data-widget_type=\"image.default\">\n\t\t\t\t<div class=\"elementor-widget-container\">\n\t\t\t\t\t\t\t\t\t\t\t\t\t\t\t<img loading=\"lazy\" decoding=\"async\" width=\"534\" height=\"563\" src=\"https:\/\/biocure.com.br\/wp-content\/uploads\/2024\/07\/enferm.png\" class=\"attachment-large size-large wp-image-162\" alt=\"\" srcset=\"https:\/\/biocure.com.br\/wp-content\/uploads\/2024\/07\/enferm.png 534w, https:\/\/biocure.com.br\/wp-content\/uploads\/2024\/07\/enferm-285x300.png 285w\" sizes=\"(max-width: 534px) 100vw, 534px\" \/>\t\t\t\t\t\t\t\t\t\t\t\t\t\t\t<\/div>\n\t\t\t\t<\/div>\n\t\t\t\t<div class=\"elementor-element elementor-element-9c6c484 elementor-hidden-mobile elementor-widget elementor-widget-image\" data-id=\"9c6c484\" data-element_type=\"widget\" data-e-type=\"widget\" data-widget_type=\"image.default\">\n\t\t\t\t<div class=\"elementor-widget-container\">\n\t\t\t\t\t\t\t\t\t\t\t\t\t\t\t<img fetchpriority=\"high\" decoding=\"async\" width=\"500\" height=\"813\" src=\"https:\/\/biocure.com.br\/wp-content\/uploads\/2024\/07\/produto_01-copia.png\" class=\"attachment-large size-large wp-image-64\" alt=\"\" srcset=\"https:\/\/biocure.com.br\/wp-content\/uploads\/2024\/07\/produto_01-copia.png 500w, https:\/\/biocure.com.br\/wp-content\/uploads\/2024\/07\/produto_01-copia-185x300.png 185w\" sizes=\"(max-width: 500px) 100vw, 500px\" \/>\t\t\t\t\t\t\t\t\t\t\t\t\t\t\t<\/div>\n\t\t\t\t<\/div>\n\t\t\t\t<\/div>\n\t\t<div class=\"elementor-element elementor-element-a488cbf e-con-full e-flex e-con e-child\" data-id=\"a488cbf\" data-element_type=\"container\" data-e-type=\"container\" data-settings=\"{&quot;background_background&quot;:&quot;classic&quot;}\">\n\t\t\t\t<div class=\"elementor-element elementor-element-2dce0b7 elementor-widget elementor-widget-heading\" data-id=\"2dce0b7\" data-element_type=\"widget\" data-e-type=\"widget\" data-widget_type=\"heading.default\">\n\t\t\t\t<div class=\"elementor-widget-container\">\n\t\t\t\t\t<h2 class=\"elementor-heading-title elementor-size-default\">APPLICATION METHOD<\/h2>\t\t\t\t<\/div>\n\t\t\t\t<\/div>\n\t\t\t\t<div class=\"elementor-element elementor-element-71f2c88 elementor-widget elementor-widget-text-editor\" data-id=\"71f2c88\" data-element_type=\"widget\" data-e-type=\"widget\" data-widget_type=\"text-editor.default\">\n\t\t\t\t<div class=\"elementor-widget-container\">\n\t\t\t\t\t\t\t\t\t<p>Click the button below to access the detailed step-by-step application guide for Biocure\u00ae Gel Cream HBS (formerly Regederm).<\/p><p>Follow the instructions carefully to achieve the best results.<\/p>\t\t\t\t\t\t\t\t<\/div>\n\t\t\t\t<\/div>\n\t\t\t\t<div class=\"elementor-element elementor-element-3eb966c elementor-align-center elementor-widget elementor-widget-button\" data-id=\"3eb966c\" data-element_type=\"widget\" data-e-type=\"widget\" data-widget_type=\"button.default\">\n\t\t\t\t<div class=\"elementor-widget-container\">\n\t\t\t\t\t\t\t\t\t<div class=\"elementor-button-wrapper\">\n\t\t\t\t\t<a class=\"elementor-button elementor-button-link elementor-size-sm\" href=\"https:\/\/biocure.com.br\/en\/biocure-gel-creme-modo-de-aplicacao\/\">\n\t\t\t\t\t\t<span class=\"elementor-button-content-wrapper\">\n\t\t\t\t\t\t\t\t\t<span class=\"elementor-button-text\">APPLICATION METHOD<\/span>\n\t\t\t\t\t<\/span>\n\t\t\t\t\t<\/a>\n\t\t\t\t<\/div>\n\t\t\t\t\t\t\t\t<\/div>\n\t\t\t\t<\/div>\n\t\t\t\t<\/div>\n\t\t\t\t\t<\/div>\n\t\t\t\t<\/div>\n\t\t<div class=\"elementor-element elementor-element-38b0b99 e-con-full e-flex e-con e-parent\" data-id=\"38b0b99\" data-element_type=\"container\" data-e-type=\"container\">\n\t\t<div class=\"elementor-element elementor-element-9f8ca89 e-con-full e-flex e-con e-child\" data-id=\"9f8ca89\" data-element_type=\"container\" data-e-type=\"container\" data-settings=\"{&quot;background_background&quot;:&quot;classic&quot;}\">\n\t\t\t\t<div class=\"elementor-element elementor-element-44ed4be elementor-widget elementor-widget-heading\" data-id=\"44ed4be\" data-element_type=\"widget\" data-e-type=\"widget\" data-widget_type=\"heading.default\">\n\t\t\t\t<div class=\"elementor-widget-container\">\n\t\t\t\t\t<h2 class=\"elementor-heading-title elementor-size-default\"><a href=\"https:\/\/biocure.com.br\/en\/biocure-gel-creme-composicao\/\">COMPOSITION<\/a><\/h2>\t\t\t\t<\/div>\n\t\t\t\t<\/div>\n\t\t\t\t<\/div>\n\t\t<div class=\"elementor-element elementor-element-4363c78 e-con-full e-flex e-con e-child\" data-id=\"4363c78\" data-element_type=\"container\" data-e-type=\"container\" data-settings=\"{&quot;background_background&quot;:&quot;classic&quot;}\">\n\t\t\t\t<div class=\"elementor-element elementor-element-277b60b elementor-widget elementor-widget-heading\" data-id=\"277b60b\" data-element_type=\"widget\" data-e-type=\"widget\" data-widget_type=\"heading.default\">\n\t\t\t\t<div class=\"elementor-widget-container\">\n\t\t\t\t\t<h2 class=\"elementor-heading-title elementor-size-default\"><a href=\"https:\/\/biocure.com.br\/en\/biocure-gel-creme-indicacao\/\">INDICATIONS<\/a><\/h2>\t\t\t\t<\/div>\n\t\t\t\t<\/div>\n\t\t\t\t<\/div>\n\t\t<div class=\"elementor-element elementor-element-6d481b4 e-con-full e-flex e-con e-child\" data-id=\"6d481b4\" data-element_type=\"container\" data-e-type=\"container\" data-settings=\"{&quot;background_background&quot;:&quot;classic&quot;}\">\n\t\t\t\t<div class=\"elementor-element elementor-element-274bd81 elementor-widget elementor-widget-heading\" data-id=\"274bd81\" data-element_type=\"widget\" data-e-type=\"widget\" data-widget_type=\"heading.default\">\n\t\t\t\t<div class=\"elementor-widget-container\">\n\t\t\t\t\t<h2 class=\"elementor-heading-title elementor-size-default\"><a href=\"https:\/\/biocure.com.br\/en\/biocure-gel-creme-precaucoes-de-advertencias\/\">PRECAUTIONS AND WARNINGS<\/a><\/h2>\t\t\t\t<\/div>\n\t\t\t\t<\/div>\n\t\t\t\t<\/div>\n\t\t\t\t<\/div>\n\t\t\t\t<\/div>","protected":false},"excerpt":{"rendered":"<p>Antes REGEDERM, agora Biocure\u00ae Gel Creme HBS O pr\u00f3ximo passo na regenera\u00e7\u00e3o cut\u00e2nea Biocure\u00ae Gel Creme HBS (antes regederm) \u00e9 um gel-creme contendo fra\u00e7\u00f5es proteicas extra\u00eddas da Hevea Brasiliensis (HBS) que estimula a forma\u00e7\u00e3o de novos vasos sangu\u00edneos e da recomposi\u00e7\u00e3o do epit\u00e9lio, com consequente acelera\u00e7\u00e3o do processo cicatricial e tamb\u00e9m contribui na restaura\u00e7\u00e3o da [&hellip;]<\/p>","protected":false},"author":1,"featured_media":0,"parent":0,"menu_order":0,"comment_status":"closed","ping_status":"closed","template":"elementor_header_footer","meta":{"footnotes":""},"class_list":["post-34","page","type-page","status-publish","hentry"],"_links":{"self":[{"href":"https:\/\/biocure.com.br\/en\/wp-json\/wp\/v2\/pages\/34","targetHints":{"allow":["GET"]}}],"collection":[{"href":"https:\/\/biocure.com.br\/en\/wp-json\/wp\/v2\/pages"}],"about":[{"href":"https:\/\/biocure.com.br\/en\/wp-json\/wp\/v2\/types\/page"}],"author":[{"embeddable":true,"href":"https:\/\/biocure.com.br\/en\/wp-json\/wp\/v2\/users\/1"}],"replies":[{"embeddable":true,"href":"https:\/\/biocure.com.br\/en\/wp-json\/wp\/v2\/comments?post=34"}],"version-history":[{"count":76,"href":"https:\/\/biocure.com.br\/en\/wp-json\/wp\/v2\/pages\/34\/revisions"}],"predecessor-version":[{"id":449,"href":"https:\/\/biocure.com.br\/en\/wp-json\/wp\/v2\/pages\/34\/revisions\/449"}],"wp:attachment":[{"href":"https:\/\/biocure.com.br\/en\/wp-json\/wp\/v2\/media?parent=34"}],"curies":[{"name":"wp","href":"https:\/\/api.w.org\/{rel}","templated":true}]}}