{"id":320,"date":"2024-08-15T18:08:59","date_gmt":"2024-08-15T18:08:59","guid":{"rendered":"https:\/\/biocure.com.br\/?page_id=320"},"modified":"2024-11-02T18:11:19","modified_gmt":"2024-11-02T18:11:19","slug":"biocure-gel-creme-modo-de-aplicacao","status":"publish","type":"page","link":"https:\/\/biocure.com.br\/en\/biocure-gel-creme-modo-de-aplicacao\/","title":{"rendered":"Biocure Gel Creme &#8211; Modo de Aplica\u00e7\u00e3o"},"content":{"rendered":"<div data-elementor-type=\"wp-page\" data-elementor-id=\"320\" class=\"elementor elementor-320\" data-elementor-post-type=\"page\">\n\t\t\t\t<div class=\"elementor-element elementor-element-5d686a9 e-flex e-con-boxed e-con e-parent\" data-id=\"5d686a9\" data-element_type=\"container\" data-e-type=\"container\" data-settings=\"{&quot;background_background&quot;:&quot;classic&quot;}\">\n\t\t\t\t\t<div class=\"e-con-inner\">\n\t\t\t\t<div class=\"elementor-element elementor-element-6ae3462 elementor-widget elementor-widget-heading\" data-id=\"6ae3462\" data-element_type=\"widget\" data-e-type=\"widget\" data-widget_type=\"heading.default\">\n\t\t\t\t<div class=\"elementor-widget-container\">\n\t\t\t\t\t<h2 class=\"elementor-heading-title elementor-size-default\">Biocure\u00ae Gel-Creme HBS (antes Regederm) - Modo de Aplica\u00e7\u00e3o<\/h2>\t\t\t\t<\/div>\n\t\t\t\t<\/div>\n\t\t\t\t\t<\/div>\n\t\t\t\t<\/div>\n\t\t<div class=\"elementor-element elementor-element-002b246 e-flex e-con-boxed e-con e-parent\" data-id=\"002b246\" data-element_type=\"container\" data-e-type=\"container\">\n\t\t\t\t\t<div class=\"e-con-inner\">\n\t\t<div class=\"elementor-element elementor-element-ce6d4c5 e-con-full e-flex e-con e-child\" data-id=\"ce6d4c5\" data-element_type=\"container\" data-e-type=\"container\">\n\t\t\t\t<div class=\"elementor-element elementor-element-de2176b elementor-widget elementor-widget-heading\" data-id=\"de2176b\" data-element_type=\"widget\" data-e-type=\"widget\" data-widget_type=\"heading.default\">\n\t\t\t\t<div class=\"elementor-widget-container\">\n\t\t\t\t\t<h2 class=\"elementor-heading-title elementor-size-default\">APPLICATION METHOD<\/h2>\t\t\t\t<\/div>\n\t\t\t\t<\/div>\n\t\t\t\t<\/div>\n\t\t<div class=\"elementor-element elementor-element-3ef316e e-con-full e-flex e-con e-child\" data-id=\"3ef316e\" data-element_type=\"container\" data-e-type=\"container\">\n\t\t\t\t<div class=\"elementor-element elementor-element-316e3d4 elementor-widget elementor-widget-text-editor\" data-id=\"316e3d4\" data-element_type=\"widget\" data-e-type=\"widget\" data-widget_type=\"text-editor.default\">\n\t\t\t\t<div class=\"elementor-widget-container\">\n\t\t\t\t\t\t\t\t\t<ol><li style=\"font-weight: 400;\">First, clean the wound (according to standards and guidelines) each time you perform the dressing change, preferably with a cleaning solution with antibiofilm action.<\/li><li style=\"font-weight: 400;\">Remove as much devitalized tissue as possible from the wound bed (crusts, necrosis), as well as dirt and remains from previous dressings.<\/li><li style=\"font-weight: 400;\">A remo\u00e7\u00e3o de tecidos necr\u00f3ticos\/desvitalizados \u00e9 essencial para o preparo do leito da ferida e para melhorar o desfecho cicatricial esperado com o uso do Biocure\u00ae Gel Creme HBS (antes Regederm);<\/li><li style=\"font-weight: 400;\">Ap\u00f3s os desbridamentos avaliar as dimens\u00f5es (\u00e1rea e profundidade) da ferida, assim como identificar a presen\u00e7a de espa\u00e7os mortos (t\u00faneis, cavidades e sinus). Na sequ\u00eancia do uso do Biocure\u00ae Gel Creme (antes Regederm) medir corretamente as feridas em tratamento (semanalmente), para acompanhar a evolu\u00e7\u00e3o do processo cicatricial;<\/li><li style=\"font-weight: 400;\">There are no restrictions on the use of antibiofilm solutions for wound bed preparation, such as those containing polyhexamethylene biguanide-PHMB or hypochlorous acid.<\/li><li style=\"font-weight: 400;\">After the action period of the cleaning solution, do not leave any residues of the solution on the wound bed or in dead spaces (tunnels, cavities).<\/li><li style=\"font-weight: 400;\">Tendo sido efetuado o correto preparo do leito certificar-se de cobrir de forma homog\u00eanea com o gel-creme, espalhando por toda a superf\u00edcie da ferida (pode ser usada uma gaze est\u00e9ril). Manter durante a aplica\u00e7\u00e3o um padr\u00e3o de camada com 2 a 3 mm de Biocure\u00ae Gel Creme HBS (antes Regederm);<\/li><li style=\"font-weight: 400;\">Cobrir a camada de Biocure\u00ae Gel Creme HBS (antes Regederm) aplicada com um curativo que preferencialmente n\u00e3o seja uma gaze de algod\u00e3o hidrof\u00edlico, visando manter o gel-creme no leito na ferida. A escolha da cobertura secund\u00e1ria deve basear-se no tipo de les\u00e3o, profundidade e exsuda\u00e7\u00e3o. Por exemplo, recomenda-se o uso de Rayon est\u00e9ril ou gaze est\u00e9ril de tecido n\u00e3o tecido.<\/li><li style=\"font-weight: 400;\">Evite aplicar sobre o leito da ferida coberturas\/produtos contendo outros princ\u00edpios ativos (p.ex. prata, iodo) pois n\u00e3o se t\u00eam estudos sobre a compatibilidade cruzada entre o Biocure\u00ae Gel Creme HBS (antes Regederm) com outros princ\u00edpios ativos, o qual poder\u00e1 afetar a performance de resposta do gel-creme.<\/li><li style=\"font-weight: 400;\">Secure the dressing with a bandage or hypoallergenic adhesive.<\/li><\/ol>\t\t\t\t\t\t\t\t<\/div>\n\t\t\t\t<\/div>\n\t\t\t\t<\/div>\n\t\t\t\t\t<\/div>\n\t\t\t\t<\/div>\n\t\t<div class=\"elementor-element elementor-element-6a61ad8 e-flex e-con-boxed e-con e-parent\" data-id=\"6a61ad8\" data-element_type=\"container\" data-e-type=\"container\">\n\t\t\t\t\t<div class=\"e-con-inner\">\n\t\t<div class=\"elementor-element elementor-element-eba4162 e-con-full e-flex e-con e-child\" data-id=\"eba4162\" data-element_type=\"container\" data-e-type=\"container\">\n\t\t\t\t<div class=\"elementor-element elementor-element-40b538a elementor-widget elementor-widget-heading\" data-id=\"40b538a\" data-element_type=\"widget\" data-e-type=\"widget\" data-widget_type=\"heading.default\">\n\t\t\t\t<div class=\"elementor-widget-container\">\n\t\t\t\t\t<h2 class=\"elementor-heading-title elementor-size-default\">FREQUENCY OF DRESSING CHANGES WITH BIOCURE\u00ae GEL-CREAM<\/h2>\t\t\t\t<\/div>\n\t\t\t\t<\/div>\n\t\t\t\t<\/div>\n\t\t<div class=\"elementor-element elementor-element-6461930 e-con-full e-flex e-con e-child\" data-id=\"6461930\" data-element_type=\"container\" data-e-type=\"container\">\n\t\t\t\t<div class=\"elementor-element elementor-element-af961eb elementor-widget elementor-widget-text-editor\" data-id=\"af961eb\" data-element_type=\"widget\" data-e-type=\"widget\" data-widget_type=\"text-editor.default\">\n\t\t\t\t<div class=\"elementor-widget-container\">\n\t\t\t\t\t\t\t\t\t<p style=\"font-weight: 400;\">A frequ\u00eancia de aplica\u00e7\u00e3o do Biocure\u00ae Gel Creme HBS (antes Regederm) na ferida deve ser de 1 vez ao dia.<\/p><p style=\"font-weight: 400;\">It is up to the prescribing healthcare professional and\/or the healthcare entity's protocol to follow this manufacturer's recommendation or to guide the application of Biocure\u00ae Gel-Cream at a different frequency, considering all clinical conditions involving the patient and factors (local and systemic) related to the wound in treatment.<\/p><p style=\"font-weight: 400;\">Obs.: casos de aplica\u00e7\u00e3o do Biocure\u00ae Gel Creme HBS (antes Regederm) em dias alternados j\u00e1 foram relatados, demonstrando tamb\u00e9m excelentes resultados cicatriciais das feridas tratadas.<\/p><p style=\"font-weight: 400;\">Obs.: Biocure\u00ae Gel Creme HBS (antes Regederm) pode entrar em contato com a borda e margem da ferida.<\/p>\t\t\t\t\t\t\t\t<\/div>\n\t\t\t\t<\/div>\n\t\t\t\t<\/div>\n\t\t\t\t\t<\/div>\n\t\t\t\t<\/div>\n\t\t<div class=\"elementor-element elementor-element-44b16bf e-flex e-con-boxed e-con e-parent\" data-id=\"44b16bf\" data-element_type=\"container\" data-e-type=\"container\">\n\t\t\t\t\t<div class=\"e-con-inner\">\n\t\t<div class=\"elementor-element elementor-element-a0ea05a e-con-full e-flex e-con e-child\" data-id=\"a0ea05a\" data-element_type=\"container\" data-e-type=\"container\">\n\t\t\t\t<div class=\"elementor-element elementor-element-377d70b elementor-widget elementor-widget-heading\" data-id=\"377d70b\" data-element_type=\"widget\" data-e-type=\"widget\" data-widget_type=\"heading.default\">\n\t\t\t\t<div class=\"elementor-widget-container\">\n\t\t\t\t\t<h2 class=\"elementor-heading-title elementor-size-default\">PRACTICAL ADVICE<\/h2>\t\t\t\t<\/div>\n\t\t\t\t<\/div>\n\t\t\t\t<\/div>\n\t\t<div class=\"elementor-element elementor-element-330f1d1 e-con-full e-flex e-con e-child\" data-id=\"330f1d1\" data-element_type=\"container\" data-e-type=\"container\">\n\t\t\t\t<div class=\"elementor-element elementor-element-14e9d8b elementor-widget elementor-widget-text-editor\" data-id=\"14e9d8b\" data-element_type=\"widget\" data-e-type=\"widget\" data-widget_type=\"text-editor.default\">\n\t\t\t\t<div class=\"elementor-widget-container\">\n\t\t\t\t\t\t\t\t\t<p style=\"font-weight: 400;\">Review the dressing daily.<\/p><p style=\"font-weight: 400;\">The frequency of dressing changes with Biocure\u00ae Gel-Cream should take into account the amount of exudate (lack or excess), the type of wound, and the location of the lesion.<\/p><p style=\"font-weight: 400;\">Biocure\u00ae Gel Creme HBS (antes Regederm) pode ser usado em feridas com baixa, moderada ou alta exsuda\u00e7\u00e3o. Cabe ressaltar que feridas com moderada \u00e0 alta quantidade de exsudatos precisam ser monitoradas com mais frequ\u00eancia, necessitando em muitos casos do aumento no n\u00famero de trocas di\u00e1rias do curativo.<\/p><p style=\"font-weight: 400;\">Se houver perda excessiva de l\u00edquido (exsudato) na ferida, pode significar que seja necess\u00e1rio aplicar novamente Biocure\u00ae Gel Creme HBS (antes Regederm). Neste caso sugere-se que seja feito todo o processo de limpeza, preparo do leito e reaplica\u00e7\u00e3o do Biocure\u00ae Gel Creme HBS (antes Regederm), para manter o est\u00edmulo cicatricial. A troca de todo o curativo visa reduzir os riscos de macera\u00e7\u00e3o na borda e margem da ferida em tratamento (pelo excesso de umidade do exsudato).<\/p><p style=\"font-weight: 400;\">Se o leito da ferida estiver muito seco, verificar se a quantidade de Biocure\u00ae Gel Creme HBS (antes Regederm) est\u00e1 sendo corretamente aplicada. Se a secura do leito persistir, sugere-se aumentar a quantidade de Biocure\u00ae Gel Creme HBS (antes Regederm) aplicada na ferida e observar as pr\u00f3ximas trocas. Lembrar que certos fatores sist\u00eamicos, como a desidrata\u00e7\u00e3o, altera\u00e7\u00f5es da fun\u00e7\u00e3o renal e uso de certos medicamentos podem reduzir a quantidade do exsudato normalmente esperado no leito da ferida. Da\u00ed a import\u00e2ncia no uso do Biocure\u00ae Gel Creme HBS (antes Regederm) na restaura\u00e7\u00e3o da correta umidade local.<\/p><p style=\"font-weight: 400;\">A colora\u00e7\u00e3o do leito da ferida pode mudar levemente no momento da aplica\u00e7\u00e3o do Biocure\u00ae Gel Creme HBS (antes Regederm) decorrente da cor do gel-creme.<\/p><p style=\"font-weight: 400;\">If a wound is undergoing debridement, there may be an increase in the wound bed area (within the edge boundaries). This is due to the removal of devitalized tissues that maintain fibrotic bridges. It does not indicate worsening. It is important to observe the growth of healthy tissues (granulation tissue) in the wound bed and, subsequently, the migration of skin (epithelialization).<\/p><p style=\"font-weight: 400;\">Wound healing and epithelialization are more rapidly stimulated when proper cleaning and removal of devitalized tissues occur.<\/p><p style=\"font-weight: 400;\">If frequent maceration with perilesional tissue damage is not responsive to more frequent complete dressing changes, it is suggested to consult the attending healthcare professional to check for any abnormal local inflammatory activity, the presence of a foreign body, or an ongoing infectious process.<\/p><p style=\"font-weight: 400;\">Se o usu\u00e1rio n\u00e3o for profissional da sa\u00fade, cabe lembrar que feridas profundas, tunelizadas ou cavit\u00e1rias podem apresentar certa dificuldade para se saber se o Biocure\u00ae Gel Creme HBS (antes Regederm) foi espalhado corretamente em toda a superf\u00edcie. Nestes casos, o gel-creme ap\u00f3s ser aplicado na maior superf\u00edcie exposta da \u00falcera, tamb\u00e9m pode ser dispensado em uma gaze est\u00e9ril de Rayon ou tecido n\u00e3o tecido, e na sequ\u00eancia introduzir diretamente esta gaze com o Biocure\u00ae Gel Creme HBS (antes Regederm) na \u00falcera e espa\u00e7os mortos (t\u00faneis e cavidades) buscando cobrir toda a \u00e1rea lesada\/exposta. Lembrar de remover a gaze na pr\u00f3xima troca de curativo.<\/p><p style=\"font-weight: 400;\">O Biocure\u00ae Gel Creme HBS (antes Regederm) pode ser recomendado para uso em pessoas com feridas que est\u00e3o internadas em servi\u00e7os de sa\u00fade (hospitais, home care), sob acompanhamento ambulatorial e sob cuidados domiciliares (institui\u00e7\u00f5es de longa perman\u00eancia de idosos e resid\u00eancias).<\/p><p style=\"font-weight: 400;\">Note: If in doubt, always seek medical advice before use\/application.<\/p>\t\t\t\t\t\t\t\t<\/div>\n\t\t\t\t<\/div>\n\t\t\t\t<\/div>\n\t\t\t\t\t<\/div>\n\t\t\t\t<\/div>\n\t\t<div class=\"elementor-element elementor-element-2c47fcf e-flex e-con-boxed e-con e-parent\" data-id=\"2c47fcf\" data-element_type=\"container\" data-e-type=\"container\">\n\t\t\t\t\t<div class=\"e-con-inner\">\n\t\t<div class=\"elementor-element elementor-element-5e0dc05 e-con-full e-flex e-con e-child\" data-id=\"5e0dc05\" data-element_type=\"container\" data-e-type=\"container\">\n\t\t\t\t<div class=\"elementor-element elementor-element-ab8f903 elementor-widget elementor-widget-heading\" data-id=\"ab8f903\" data-element_type=\"widget\" data-e-type=\"widget\" data-widget_type=\"heading.default\">\n\t\t\t\t<div class=\"elementor-widget-container\">\n\t\t\t\t\t<h2 class=\"elementor-heading-title elementor-size-default\">CONTRAINDICATIONS<\/h2>\t\t\t\t<\/div>\n\t\t\t\t<\/div>\n\t\t\t\t<\/div>\n\t\t<div class=\"elementor-element elementor-element-e0cb63e e-con-full e-flex e-con e-child\" data-id=\"e0cb63e\" data-element_type=\"container\" data-e-type=\"container\">\n\t\t\t\t<div class=\"elementor-element elementor-element-05c2232 elementor-widget elementor-widget-text-editor\" data-id=\"05c2232\" data-element_type=\"widget\" data-e-type=\"widget\" data-widget_type=\"text-editor.default\">\n\t\t\t\t<div class=\"elementor-widget-container\">\n\t\t\t\t\t\t\t\t\t<p style=\"font-weight: 400;\">Biocure\u00ae Gel Creme HBS (antes Regederm) \u00e9 contraindicado para tratamento de feridas em pessoas com sensibilidade e\/ou alergia a qualquer um dos componentes da f\u00f3rmula <strong>especially those allergic to LATEX derivatives.<\/strong>.<\/p><p style=\"font-weight: 400;\">Biocure\u00ae Gel Creme HBS (antes Regederm) \u00e9 contraindicado para uso em les\u00e3o de pele suspeita ou j\u00e1 diagnosticada como c\u00e2ncer de pele (prim\u00e1rio) ou c\u00e2ncer metast\u00e1tico em pele. Em caso de d\u00favida n\u00e3o aplicar sem ter um diagn\u00f3stico confirmado. Procure atendimento m\u00e9dico. Ap\u00f3s a retirada do c\u00e2ncer de pele (com margem de seguran\u00e7a), e caso ocorra d\u00e9ficit de cicatriza\u00e7\u00e3o estando o paciente sem nenhum risco de reativa\u00e7\u00e3o do c\u00e2ncer naquele local, o uso do Biocure\u00ae Gel Creme HBS (antes Regederm)\u00a0poder\u00e1 ser reconsiderado \u00e0 crit\u00e9rio m\u00e9dico.<\/p><p style=\"font-weight: 400;\">Caso n\u00e3o tenha o diagn\u00f3stico da ferida mas queira usar Biocure\u00ae Gel Creme HBS (antes Regederm)\u00a0orienta-se que um profissional m\u00e9dico seja consultado antes de iniciar a aplica\u00e7\u00e3o.<\/p><p style=\"font-weight: 400;\">Biocure\u00ae Gel Creme HBS (antes Regederm)\u00a0tem importante a\u00e7\u00e3o angiog\u00eanica (forma\u00e7\u00e3o de novos vasos sangu\u00edneos) no local em que \u00e9 aplicado. Em caso de les\u00f5es\/ulcera\u00e7\u00f5es causadas por vasculites procure orienta\u00e7\u00e3o m\u00e9dica antes do in\u00edcio do tratamento com o produto.<\/p><p style=\"font-weight: 400;\">N\u00e3o se t\u00eam estudos para uso e aplicabilidade do Biocure\u00ae Gel Creme HBS (antes Regederm)\u00a0em gestantes, mulheres em fase de amamenta\u00e7\u00e3o, neonatos, beb\u00eas e crian\u00e7as.<\/p>\t\t\t\t\t\t\t\t<\/div>\n\t\t\t\t<\/div>\n\t\t\t\t<\/div>\n\t\t\t\t\t<\/div>\n\t\t\t\t<\/div>\n\t\t<div class=\"elementor-element elementor-element-9912da0 e-flex e-con-boxed e-con e-parent\" data-id=\"9912da0\" data-element_type=\"container\" data-e-type=\"container\">\n\t\t\t\t\t<div class=\"e-con-inner\">\n\t\t<div class=\"elementor-element elementor-element-9292aff e-con-full e-flex e-con e-child\" data-id=\"9292aff\" data-element_type=\"container\" data-e-type=\"container\">\n\t\t\t\t<div class=\"elementor-element elementor-element-f64c0e9 elementor-widget elementor-widget-heading\" data-id=\"f64c0e9\" data-element_type=\"widget\" data-e-type=\"widget\" data-widget_type=\"heading.default\">\n\t\t\t\t<div class=\"elementor-widget-container\">\n\t\t\t\t\t<h2 class=\"elementor-heading-title elementor-size-default\">STORAGE<\/h2>\t\t\t\t<\/div>\n\t\t\t\t<\/div>\n\t\t\t\t<\/div>\n\t\t<div class=\"elementor-element elementor-element-60e1adc e-con-full e-flex e-con e-child\" data-id=\"60e1adc\" data-element_type=\"container\" data-e-type=\"container\">\n\t\t\t\t<div class=\"elementor-element elementor-element-6a510c0 elementor-widget elementor-widget-text-editor\" data-id=\"6a510c0\" data-element_type=\"widget\" data-e-type=\"widget\" data-widget_type=\"text-editor.default\">\n\t\t\t\t<div class=\"elementor-widget-container\">\n\t\t\t\t\t\t\t\t\t<p style=\"font-weight: 400;\">Biocure\u00ae Gel Creme HBS (antes Regederm)\u00a0dever\u00e1 ser conservado em local limpo, fresco, seco e sempre dentro da embalagem original.<\/p><p style=\"font-weight: 400;\">After opening the tube and first use, it is not necessary to store it in a refrigerator and\/or freezer. Avoid exposing the tube to direct sunlight\/heat or excessive temperatures. Do not place the packaging\/content inside a microwave or heated electric oven.<\/p><p style=\"font-weight: 400;\">Observar a data de validade do Biocure\u00ae Gel Creme HBS (antes Regederm). A data de validade e lote correspondente do produto est\u00e3o estampadas no tubo do gel-creme e impressa na caixa que cont\u00e9m o tubo do gel-creme. A data de validade nas embalagens faz men\u00e7\u00e3o ao produto na embalagem intacta e corretamente armazenado.<\/p><p style=\"font-weight: 400;\">Once opened, observe the recommended usage period of 12 months.<\/p><p style=\"font-weight: 400;\">Evitar contato da tampa do tubo do Biocure\u00ae Gel Creme HBS (antes Regederm)\u00a0ou do pr\u00f3prio tubo com o leito da ferida e\/ou pele do paciente.<\/p><p style=\"font-weight: 400;\">After use, always ensure that the cap is properly closed.<\/p><p style=\"font-weight: 400;\">Recomenda-se que o conte\u00fado e o tubo do Biocure\u00ae Gel Creme HBS (antes Regederm)\u00a0seja usado individualmente, isto \u00e9, somente para um (o mesmo)\u00a0 paciente, evitando-se os riscos de contamina\u00e7\u00e3o\/infec\u00e7\u00e3o cruzada.<\/p><p style=\"font-weight: 400;\">Em caso de d\u00favidas, procure ajuda e informa\u00e7\u00f5es com o profissional de sa\u00fade assistente que indicou o Biocure\u00ae Gel Creme HBS (antes Regederm).<\/p><p style=\"font-weight: 400;\">The use of any product or technology for the prevention or treatment of wounds should be part of a well-defined protocol of local and systemic care.<\/p>\t\t\t\t\t\t\t\t<\/div>\n\t\t\t\t<\/div>\n\t\t\t\t<\/div>\n\t\t\t\t\t<\/div>\n\t\t\t\t<\/div>\n\t\t\t\t<\/div>","protected":false},"excerpt":{"rendered":"<p>Biocure\u00ae Gel-Creme HBS (antes Regederm) &#8211; Modo de Aplica\u00e7\u00e3o MODO DE APLICA\u00c7\u00c3O Em primeiro lugar limpar a ferida (de acordo com as normas e orienta\u00e7\u00f5es), cada vez que for realizar o curativo, preferencialmente com uma solu\u00e7\u00e3o de limpeza com a\u00e7\u00e3o antibiofilme; Retirar quando poss\u00edvel todo o tecido desvitalizado presente no leito da ferida (crostas, necroses), [&hellip;]<\/p>","protected":false},"author":1,"featured_media":0,"parent":0,"menu_order":0,"comment_status":"closed","ping_status":"closed","template":"elementor_header_footer","meta":{"footnotes":""},"class_list":["post-320","page","type-page","status-publish","hentry"],"_links":{"self":[{"href":"https:\/\/biocure.com.br\/en\/wp-json\/wp\/v2\/pages\/320","targetHints":{"allow":["GET"]}}],"collection":[{"href":"https:\/\/biocure.com.br\/en\/wp-json\/wp\/v2\/pages"}],"about":[{"href":"https:\/\/biocure.com.br\/en\/wp-json\/wp\/v2\/types\/page"}],"author":[{"embeddable":true,"href":"https:\/\/biocure.com.br\/en\/wp-json\/wp\/v2\/users\/1"}],"replies":[{"embeddable":true,"href":"https:\/\/biocure.com.br\/en\/wp-json\/wp\/v2\/comments?post=320"}],"version-history":[{"count":22,"href":"https:\/\/biocure.com.br\/en\/wp-json\/wp\/v2\/pages\/320\/revisions"}],"predecessor-version":[{"id":455,"href":"https:\/\/biocure.com.br\/en\/wp-json\/wp\/v2\/pages\/320\/revisions\/455"}],"wp:attachment":[{"href":"https:\/\/biocure.com.br\/en\/wp-json\/wp\/v2\/media?parent=320"}],"curies":[{"name":"wp","href":"https:\/\/api.w.org\/{rel}","templated":true}]}}