{"id":299,"date":"2024-08-15T03:06:46","date_gmt":"2024-08-15T03:06:46","guid":{"rendered":"https:\/\/biocure.com.br\/?page_id=299"},"modified":"2024-11-02T18:15:22","modified_gmt":"2024-11-02T18:15:22","slug":"biocure-gel-creme-precaucoes-de-advertencias","status":"publish","type":"page","link":"https:\/\/biocure.com.br\/en\/biocure-gel-creme-precaucoes-de-advertencias\/","title":{"rendered":"Biocure Gel Creme &#8211; Precau\u00e7\u00f5es de Advert\u00eancias"},"content":{"rendered":"<div data-elementor-type=\"wp-page\" data-elementor-id=\"299\" class=\"elementor elementor-299\" data-elementor-post-type=\"page\">\n\t\t\t\t<div class=\"elementor-element elementor-element-5d686a9 e-flex e-con-boxed e-con e-parent\" data-id=\"5d686a9\" data-element_type=\"container\" data-e-type=\"container\" data-settings=\"{&quot;background_background&quot;:&quot;classic&quot;}\">\n\t\t\t\t\t<div class=\"e-con-inner\">\n\t\t\t\t<div class=\"elementor-element elementor-element-6ae3462 elementor-widget elementor-widget-heading\" data-id=\"6ae3462\" data-element_type=\"widget\" data-e-type=\"widget\" data-widget_type=\"heading.default\">\n\t\t\t\t<div class=\"elementor-widget-container\">\n\t\t\t\t\t<h2 class=\"elementor-heading-title elementor-size-default\">Biocure\u00ae Gel Cream HBS (formerly Regederm) - Precautions and Warnings<\/h2>\t\t\t\t<\/div>\n\t\t\t\t<\/div>\n\t\t\t\t\t<\/div>\n\t\t\t\t<\/div>\n\t\t<div class=\"elementor-element elementor-element-1119855 e-flex e-con-boxed e-con e-parent\" data-id=\"1119855\" data-element_type=\"container\" data-e-type=\"container\">\n\t\t\t\t\t<div class=\"e-con-inner\">\n\t\t<div class=\"elementor-element elementor-element-4f8c91a e-con-full e-flex e-con e-child\" data-id=\"4f8c91a\" data-element_type=\"container\" data-e-type=\"container\">\n\t\t\t\t<div class=\"elementor-element elementor-element-8edf91e elementor-widget elementor-widget-heading\" data-id=\"8edf91e\" data-element_type=\"widget\" data-e-type=\"widget\" data-widget_type=\"heading.default\">\n\t\t\t\t<div class=\"elementor-widget-container\">\n\t\t\t\t\t<h2 class=\"elementor-heading-title elementor-size-default\">PRECAUTIONS AND WARNINGS<\/h2>\t\t\t\t<\/div>\n\t\t\t\t<\/div>\n\t\t\t\t<\/div>\n\t\t<div class=\"elementor-element elementor-element-345ccb3 e-con-full e-flex e-con e-child\" data-id=\"345ccb3\" data-element_type=\"container\" data-e-type=\"container\">\n\t\t\t\t<div class=\"elementor-element elementor-element-0c86cea elementor-widget elementor-widget-text-editor\" data-id=\"0c86cea\" data-element_type=\"widget\" data-e-type=\"widget\" data-widget_type=\"text-editor.default\">\n\t\t\t\t<div class=\"elementor-widget-container\">\n\t\t\t\t\t\t\t\t\t<p style=\"font-weight: 400;\">Even when following all safety criteria, sensitivities and allergies that have not yet been identified may occur.<\/p><p style=\"font-weight: 400;\">User safety should always come first. Even without a history of latex allergy, and with Biocure\u00ae Gel Cream HBS (formerly Regederm) being a topical product designed to minimize potential allergenic reactions (as with any healthcare product), it is recommended to monitor for signs of dermatitis (such as heat, redness, itching) on and around the wound site during the use of Biocure\u00ae Gel Cream HBS. If these signs and symptoms occur at any time during application or any phase of treatment, discontinue use immediately and seek medical guidance and assistance promptly for proper diagnosis and treatment.<\/p><p style=\"font-weight: 400;\">Biocure\u00ae is a topical product that can be applied to wounds and the periwound skin (edge\/margin). It should not be ingested. Do not apply to the eyes, eyelids, or regions close to the eyes. Do not apply to fistulas. In case of suspected fistula, seek a definitive diagnosis. Do not apply directly to viscera and organs in anatomical cavities (abdominal cavity, thoracic cavity), inner ear, and central nervous system, as there are no studies supporting these indications.<\/p><p style=\"font-weight: 400;\">Some patients and wounds may require complementary and\/or adjunct treatments. There are no studies regarding the use of Biocure\u00ae Gel Cream HBS (formerly Regederm) on wounds in patients undergoing hyperbaric oxygen therapy (HBOT), nor on the stability of the gel-cream\u2019s components in such environments. Additionally, there are no studies on the concurrent use of Biocure\u00ae Gel Cream HBS with negative pressure wound therapy (NPWT). \u00a0<\/p><p style=\"font-weight: 400;\">It is suggested to have medical monitoring to assess systemic conditions that influence wound healing, such as anemia, malnutrition, dehydration, diabetes and hyperglycemia, hypothyroidism, chronic renal failure, hypoxia, smoking, hypotension (systolic BP &lt; 100 mmHg and diastolic BP &lt; 60 mmHg), use of vasoactive drugs, chronic use of systemic corticosteroids, chemotherapy, radiotherapy, which may interfere with wound healing and increase the local risk of infection.<\/p><p style=\"font-weight: 400;\">If there is an infection at the wound site, it should be treated and monitored by a medical professional before starting treatment with the product. The use of Biocure\u00ae Gel Cream HBS (formerly Regederm) should begin only after the infection has improved or responded to treatment.<\/p><p style=\"font-weight: 400;\">Over the days of use, as Biocure\u00ae Gel Cream HBS (formerly Regederm) stimulates tissue growth, the nerve endings around the treated wound may become more active, resulting in increased local sensitivity. Monitor these symptoms, which should subside as the wound epithelializes.<\/p><p style=\"font-weight: 400;\">Do not mix Biocure\u00ae Gel Cream HBS (formerly Regederm) with other ointments, creams, or gels. If you are using another ointment, cream, or gel, it is recommended to remove any remaining residue before applying Biocure\u00ae Gel Cream HBS.<\/p><p style=\"font-weight: 400;\">If you were using Biocure\u00ae Gel Cream HBS (formerly Regederm) and noticed sudden pain or burning with hypersensitivity to the product, it is recommended to discontinue treatment and consult a doctor.<\/p><p style=\"font-weight: 400;\">In case of an excessive odor that was not present before using Biocure\u00ae Gel Cream HBS (formerly Regederm), it is recommended to consult a doctor.<\/p><p style=\"font-weight: 400;\">Exercise caution when applying Biocure\u00ae Gel Cream HBS (formerly Regederm) to patients with bleeding at the wound site. While Biocure\u00ae Gel Cream HBS does not stimulate bleeding, it is advised to control any bleeding before application. Otherwise, wait until there is no active bleeding from the wound.<\/p><p style=\"font-weight: 400;\">In cases of secondary infestation by myiasis (fly larvae) in the wound, it is recommended to remove the larvae, perform systemic treatment as directed by a doctor (if necessary), and treat the site before starting treatment with Biocure\u00ae Gel Cream HBS.<\/p><p style=\"font-weight: 400;\">There are no studies regarding the use of Biocure\u00ae Gel Cream HBS (formerly Regederm) on ulcers in patients with sickle cell anemia. The use of Biocure\u00ae Gel Cream HBS in these cases is at the discretion of the physician.<\/p><p style=\"font-weight: 400;\">In the case of burns (of any origin), seek immediate medical attention before applying Biocure\u00ae or any other product to the affected area.<\/p><p style=\"font-weight: 400;\">Biocure\u00ae Gel Creme HBS (antes Regederm)\u00a0\u00e9 um produto para uso em humanos.<\/p><p style=\"font-weight: 400;\">Keep out of reach of children.<\/p><p style=\"font-weight: 400;\">Carefully follow the instructions for use.<\/p><p style=\"font-weight: 400;\">At low temperatures, gel-creams tend to have a thicker consistency. At higher temperatures, gel-creams tend to have a thinner consistency. In principle, under both conditions, there is no interference with the action of the main component of the formula.<\/p><p style=\"font-weight: 400;\">The use of the empty packaging for other purposes is not recommended.<\/p>\t\t\t\t\t\t\t\t<\/div>\n\t\t\t\t<\/div>\n\t\t\t\t<\/div>\n\t\t\t\t\t<\/div>\n\t\t\t\t<\/div>\n\t\t\t\t<\/div>","protected":false},"excerpt":{"rendered":"<p>Biocure\u00ae Gel Creme HBS (antes Regederm) &#8211; Precau\u00e7\u00f5es e Advert\u00eancias Precau\u00e7\u00f5es e Advert\u00eancias Mesmo seguindo todos os crit\u00e9rios de seguran\u00e7a, podem ocorrer sensibiliza\u00e7\u00f5es e alergias que at\u00e9 o momento ainda n\u00e3o foram identificadas. A seguran\u00e7a do usu\u00e1rio deve estar sempre em primeiro lugar. Mesmo n\u00e3o havendo hist\u00f3rico de alergia ao l\u00e1tex e sendo o Biocure\u00ae [&hellip;]<\/p>","protected":false},"author":1,"featured_media":0,"parent":0,"menu_order":0,"comment_status":"closed","ping_status":"closed","template":"elementor_header_footer","meta":{"footnotes":""},"class_list":["post-299","page","type-page","status-publish","hentry"],"_links":{"self":[{"href":"https:\/\/biocure.com.br\/en\/wp-json\/wp\/v2\/pages\/299","targetHints":{"allow":["GET"]}}],"collection":[{"href":"https:\/\/biocure.com.br\/en\/wp-json\/wp\/v2\/pages"}],"about":[{"href":"https:\/\/biocure.com.br\/en\/wp-json\/wp\/v2\/types\/page"}],"author":[{"embeddable":true,"href":"https:\/\/biocure.com.br\/en\/wp-json\/wp\/v2\/users\/1"}],"replies":[{"embeddable":true,"href":"https:\/\/biocure.com.br\/en\/wp-json\/wp\/v2\/comments?post=299"}],"version-history":[{"count":16,"href":"https:\/\/biocure.com.br\/en\/wp-json\/wp\/v2\/pages\/299\/revisions"}],"predecessor-version":[{"id":458,"href":"https:\/\/biocure.com.br\/en\/wp-json\/wp\/v2\/pages\/299\/revisions\/458"}],"wp:attachment":[{"href":"https:\/\/biocure.com.br\/en\/wp-json\/wp\/v2\/media?parent=299"}],"curies":[{"name":"wp","href":"https:\/\/api.w.org\/{rel}","templated":true}]}}