{"id":293,"date":"2024-08-15T03:02:31","date_gmt":"2024-08-15T03:02:31","guid":{"rendered":"https:\/\/biocure.com.br\/?page_id=293"},"modified":"2024-08-15T18:46:28","modified_gmt":"2024-08-15T18:46:28","slug":"biocure-gel-creme-indicacao","status":"publish","type":"page","link":"https:\/\/biocure.com.br\/en\/biocure-gel-creme-indicacao\/","title":{"rendered":"Biocure Gel Creme &#8211; Indica\u00e7\u00f5es"},"content":{"rendered":"<div data-elementor-type=\"wp-page\" data-elementor-id=\"293\" class=\"elementor elementor-293\" data-elementor-post-type=\"page\">\n\t\t\t\t<div class=\"elementor-element elementor-element-5d686a9 e-flex e-con-boxed e-con e-parent\" data-id=\"5d686a9\" data-element_type=\"container\" data-e-type=\"container\" data-settings=\"{&quot;background_background&quot;:&quot;classic&quot;}\">\n\t\t\t\t\t<div class=\"e-con-inner\">\n\t\t\t\t<div class=\"elementor-element elementor-element-6ae3462 elementor-widget elementor-widget-heading\" data-id=\"6ae3462\" data-element_type=\"widget\" data-e-type=\"widget\" data-widget_type=\"heading.default\">\n\t\t\t\t<div class=\"elementor-widget-container\">\n\t\t\t\t\t<h2 class=\"elementor-heading-title elementor-size-default\">Biocure\u00ae Gel-Cream - Indications<\/h2>\t\t\t\t<\/div>\n\t\t\t\t<\/div>\n\t\t\t\t\t<\/div>\n\t\t\t\t<\/div>\n\t\t<div class=\"elementor-element elementor-element-8d4bb52 e-flex e-con-boxed e-con e-parent\" data-id=\"8d4bb52\" data-element_type=\"container\" data-e-type=\"container\">\n\t\t\t\t\t<div class=\"e-con-inner\">\n\t\t<div class=\"elementor-element elementor-element-f3fcb87 e-con-full e-flex e-con e-child\" data-id=\"f3fcb87\" data-element_type=\"container\" data-e-type=\"container\">\n\t\t\t\t<div class=\"elementor-element elementor-element-d4f8e6d elementor-widget elementor-widget-heading\" data-id=\"d4f8e6d\" data-element_type=\"widget\" data-e-type=\"widget\" data-widget_type=\"heading.default\">\n\t\t\t\t<div class=\"elementor-widget-container\">\n\t\t\t\t\t<h2 class=\"elementor-heading-title elementor-size-default\">INDICATIONS OF BIOCURE\u00ae GEL-CREAM<\/h2>\t\t\t\t<\/div>\n\t\t\t\t<\/div>\n\t\t\t\t<\/div>\n\t\t<div class=\"elementor-element elementor-element-b4de48a e-con-full e-flex e-con e-child\" data-id=\"b4de48a\" data-element_type=\"container\" data-e-type=\"container\">\n\t\t\t\t<div class=\"elementor-element elementor-element-ba767d7 elementor-widget elementor-widget-text-editor\" data-id=\"ba767d7\" data-element_type=\"widget\" data-e-type=\"widget\" data-widget_type=\"text-editor.default\">\n\t\t\t\t<div class=\"elementor-widget-container\">\n\t\t\t\t\t\t\t\t\t<p style=\"font-weight: 400;\">Indicated for controlling the microenvironment of injured, dry, or extremely dehydrated skin, enhancing hydration and assisting its regeneration. Biocure\u00ae Gel-Cream is a gel-cream containing 10% Natural Latex Serum from Hevea brasiliensis.<\/p><p style=\"font-weight: 400;\">It promotes skin hydration and aids in regeneration by supporting the nutrition and oxygenation of the skin layers, promoting the synthesis and strengthening of the extracellular matrix.<\/p>\t\t\t\t\t\t\t\t<\/div>\n\t\t\t\t<\/div>\n\t\t\t\t<\/div>\n\t\t\t\t\t<\/div>\n\t\t\t\t<\/div>\n\t\t\t\t<\/div>","protected":false},"excerpt":{"rendered":"<p>Biocure\u00ae Gel Creme &#8211; Indica\u00e7\u00f5es INDICA\u00c7\u00d5ES DO BIOCURE\u00ae GEL-CREME Indicado para controlar o microambiente da pele lesada, seca ou extremamente ressecada, potencializando sua hidrata\u00e7\u00e3o e auxiliando sua regenera\u00e7\u00e3o. O produto Biocure\u00ae Gel-Creme \u00e9 um gel creme com 10% de Soro Natural da Seringueira _Hevea brasiliensis_. Promove a hidrata\u00e7\u00e3o da pele, assim como atua na sua [&hellip;]<\/p>","protected":false},"author":1,"featured_media":0,"parent":0,"menu_order":0,"comment_status":"closed","ping_status":"closed","template":"elementor_header_footer","meta":{"footnotes":""},"class_list":["post-293","page","type-page","status-publish","hentry"],"_links":{"self":[{"href":"https:\/\/biocure.com.br\/en\/wp-json\/wp\/v2\/pages\/293","targetHints":{"allow":["GET"]}}],"collection":[{"href":"https:\/\/biocure.com.br\/en\/wp-json\/wp\/v2\/pages"}],"about":[{"href":"https:\/\/biocure.com.br\/en\/wp-json\/wp\/v2\/types\/page"}],"author":[{"embeddable":true,"href":"https:\/\/biocure.com.br\/en\/wp-json\/wp\/v2\/users\/1"}],"replies":[{"embeddable":true,"href":"https:\/\/biocure.com.br\/en\/wp-json\/wp\/v2\/comments?post=293"}],"version-history":[{"count":14,"href":"https:\/\/biocure.com.br\/en\/wp-json\/wp\/v2\/pages\/293\/revisions"}],"predecessor-version":[{"id":376,"href":"https:\/\/biocure.com.br\/en\/wp-json\/wp\/v2\/pages\/293\/revisions\/376"}],"wp:attachment":[{"href":"https:\/\/biocure.com.br\/en\/wp-json\/wp\/v2\/media?parent=293"}],"curies":[{"name":"wp","href":"https:\/\/api.w.org\/{rel}","templated":true}]}}