{"id":281,"date":"2024-08-15T02:44:12","date_gmt":"2024-08-15T02:44:12","guid":{"rendered":"https:\/\/biocure.com.br\/?page_id=281"},"modified":"2024-11-02T18:00:25","modified_gmt":"2024-11-02T18:00:25","slug":"biocure-gel-creme-composicao","status":"publish","type":"page","link":"https:\/\/biocure.com.br\/en\/biocure-gel-creme-composicao\/","title":{"rendered":"Biocure Gel Creme &#8211; Composi\u00e7\u00e3o"},"content":{"rendered":"<div data-elementor-type=\"wp-page\" data-elementor-id=\"281\" class=\"elementor elementor-281\" data-elementor-post-type=\"page\">\n\t\t\t\t<div class=\"elementor-element elementor-element-5d686a9 e-flex e-con-boxed e-con e-parent\" data-id=\"5d686a9\" data-element_type=\"container\" data-e-type=\"container\" data-settings=\"{&quot;background_background&quot;:&quot;classic&quot;}\">\n\t\t\t\t\t<div class=\"e-con-inner\">\n\t\t\t\t<div class=\"elementor-element elementor-element-6ae3462 elementor-widget elementor-widget-heading\" data-id=\"6ae3462\" data-element_type=\"widget\" data-e-type=\"widget\" data-widget_type=\"heading.default\">\n\t\t\t\t<div class=\"elementor-widget-container\">\n\t\t\t\t\t<h2 class=\"elementor-heading-title elementor-size-default\">Biocure Gel Creme HBS (antes Regederm) - Composi\u00e7\u00e3o<\/h2>\t\t\t\t<\/div>\n\t\t\t\t<\/div>\n\t\t\t\t\t<\/div>\n\t\t\t\t<\/div>\n\t\t<div class=\"elementor-element elementor-element-56ac792 e-flex e-con-boxed e-con e-parent\" data-id=\"56ac792\" data-element_type=\"container\" data-e-type=\"container\">\n\t\t\t\t\t<div class=\"e-con-inner\">\n\t\t<div class=\"elementor-element elementor-element-10ccd20 e-con-full e-flex e-con e-child\" data-id=\"10ccd20\" data-element_type=\"container\" data-e-type=\"container\">\n\t\t\t\t<div class=\"elementor-element elementor-element-c8bd786 elementor-widget elementor-widget-text-editor\" data-id=\"c8bd786\" data-element_type=\"widget\" data-e-type=\"widget\" data-widget_type=\"text-editor.default\">\n\t\t\t\t<div class=\"elementor-widget-container\">\n\t\t\t\t\t\t\t\t\t<p>Glyceryl Monostearate<br \/>Cetearyl Alcohol<br \/>Stearic Acid<br \/>N-Cocoyl L-Glutamic Acid Derivatives<br \/>Sodium Acrylate Copolymer<br \/>Hydrogenated Polyisobutene<br \/>Phospholipids<br \/>Polyglyceryl-10 Esters<br \/>Sunflower Oil<br \/>Hydrogenated Olive Oil<\/p>\t\t\t\t\t\t\t\t<\/div>\n\t\t\t\t<\/div>\n\t\t\t\t<\/div>\n\t\t<div class=\"elementor-element elementor-element-c1f7296 e-con-full e-flex e-con e-child\" data-id=\"c1f7296\" data-element_type=\"container\" data-e-type=\"container\">\n\t\t\t\t<div class=\"elementor-element elementor-element-79c6bf9 elementor-widget elementor-widget-text-editor\" data-id=\"79c6bf9\" data-element_type=\"widget\" data-e-type=\"widget\" data-widget_type=\"text-editor.default\">\n\t\t\t\t<div class=\"elementor-widget-container\">\n\t\t\t\t\t\t\t\t\t<p>Olive Ester<br \/>Phenoxyethanol<br \/>Hydrogenated Vegetable Oil<br \/>Behenyl Alcohol<br \/>Lecithin<br \/>Soy Sterols<br \/>Esters<br \/>Fatty Acid Triglycerides<br \/>Camelina Sativa Oil<br \/>Dimethicone<\/p>\t\t\t\t\t\t\t\t<\/div>\n\t\t\t\t<\/div>\n\t\t\t\t<\/div>\n\t\t<div class=\"elementor-element elementor-element-ca84827 e-con-full e-flex e-con e-child\" data-id=\"ca84827\" data-element_type=\"container\" data-e-type=\"container\">\n\t\t\t\t<div class=\"elementor-element elementor-element-3a9aeaa elementor-widget elementor-widget-text-editor\" data-id=\"3a9aeaa\" data-element_type=\"widget\" data-e-type=\"widget\" data-widget_type=\"text-editor.default\">\n\t\t\t\t<div class=\"elementor-widget-container\">\n\t\t\t\t\t\t\t\t\t<p>Shea Butter<br \/>Esters<br \/>Hydroxyethylcellulose<br \/>Disodium EDTA<br \/>Methylchloroisothiazolinone<br \/>Methylisothiazolinone<br \/>Magnesium Nitrate<br \/>Magnesium Chloride<br \/>Hevea brasiliensis Serum<br \/>Water<\/p>\t\t\t\t\t\t\t\t<\/div>\n\t\t\t\t<\/div>\n\t\t\t\t<\/div>\n\t\t\t\t\t<\/div>\n\t\t\t\t<\/div>\n\t\t\t\t<\/div>","protected":false},"excerpt":{"rendered":"<p>Biocure Gel Creme HBS (antes Regederm) &#8211; Composi\u00e7\u00e3o Monoestearato de glicerila,\u00c1lcool cetoestear\u00edlico,\u00c1cido este\u00e1rico,N-coco acil derivados de \u00e1cido L-glut\u00e2mico,Copol\u00edmero de acrilato s\u00f3dico,Poliisobuteno hidrogenado,Fosfolip\u00eddeos,\u00c9steres de poIigIiceriI-10,\u00d3leo de girassol,\u00d3leo de oliva hidrogenado, \u00c9ster de oliva,FenoxietanoI,\u00d3leo vegetal hidrogenado,\u00c1lcool berr\u00eanico,Lecitina,Ester\u00f3is da soja,Manteiga de karit\u00e9,Triglicer\u00eddeos de \u00e1cido graxo,\u00d3leo de Camelina sativa,Dimeticona, \u00c9steres deManteiga de karit\u00e9,Hidroxietilcelulose,EDTA diss\u00f3dico,Metilcloroisotiazolinona,Metilisotiazolinona,Nitrato de magn\u00e9sio,Cloreto de magn\u00e9sio,Soro da [&hellip;]<\/p>","protected":false},"author":1,"featured_media":0,"parent":0,"menu_order":0,"comment_status":"closed","ping_status":"closed","template":"elementor_header_footer","meta":{"footnotes":""},"class_list":["post-281","page","type-page","status-publish","hentry"],"_links":{"self":[{"href":"https:\/\/biocure.com.br\/en\/wp-json\/wp\/v2\/pages\/281","targetHints":{"allow":["GET"]}}],"collection":[{"href":"https:\/\/biocure.com.br\/en\/wp-json\/wp\/v2\/pages"}],"about":[{"href":"https:\/\/biocure.com.br\/en\/wp-json\/wp\/v2\/types\/page"}],"author":[{"embeddable":true,"href":"https:\/\/biocure.com.br\/en\/wp-json\/wp\/v2\/users\/1"}],"replies":[{"embeddable":true,"href":"https:\/\/biocure.com.br\/en\/wp-json\/wp\/v2\/comments?post=281"}],"version-history":[{"count":13,"href":"https:\/\/biocure.com.br\/en\/wp-json\/wp\/v2\/pages\/281\/revisions"}],"predecessor-version":[{"id":452,"href":"https:\/\/biocure.com.br\/en\/wp-json\/wp\/v2\/pages\/281\/revisions\/452"}],"wp:attachment":[{"href":"https:\/\/biocure.com.br\/en\/wp-json\/wp\/v2\/media?parent=281"}],"curies":[{"name":"wp","href":"https:\/\/api.w.org\/{rel}","templated":true}]}}