{"id":242,"date":"2024-07-19T23:16:52","date_gmt":"2024-07-19T23:16:52","guid":{"rendered":"https:\/\/biocure.com.br\/?page_id=242"},"modified":"2024-08-15T20:15:39","modified_gmt":"2024-08-15T20:15:39","slug":"dermoterapeuticos","status":"publish","type":"page","link":"https:\/\/biocure.com.br\/en\/dermoterapeuticos\/","title":{"rendered":"Dermotherapeutics"},"content":{"rendered":"<div data-elementor-type=\"wp-page\" data-elementor-id=\"242\" class=\"elementor elementor-242\" data-elementor-post-type=\"page\">\n\t\t\t\t<div class=\"elementor-element elementor-element-5d686a9 e-flex e-con-boxed e-con e-parent\" data-id=\"5d686a9\" data-element_type=\"container\" data-e-type=\"container\" data-settings=\"{&quot;background_background&quot;:&quot;classic&quot;}\">\n\t\t\t\t\t<div class=\"e-con-inner\">\n\t\t\t\t<div class=\"elementor-element elementor-element-6ae3462 elementor-widget elementor-widget-heading\" data-id=\"6ae3462\" data-element_type=\"widget\" data-e-type=\"widget\" data-widget_type=\"heading.default\">\n\t\t\t\t<div class=\"elementor-widget-container\">\n\t\t\t\t\t<h2 class=\"elementor-heading-title elementor-size-default\">Dermotherapeutics<\/h2>\t\t\t\t<\/div>\n\t\t\t\t<\/div>\n\t\t\t\t\t<\/div>\n\t\t\t\t<\/div>\n\t\t<div class=\"elementor-element elementor-element-d62ce12 e-flex e-con-boxed e-con e-parent\" data-id=\"d62ce12\" data-element_type=\"container\" data-e-type=\"container\">\n\t\t\t\t\t<div class=\"e-con-inner\">\n\t\t<div class=\"elementor-element elementor-element-e46a5ee e-con-full elementor-hidden-mobile e-flex e-con e-child\" data-id=\"e46a5ee\" data-element_type=\"container\" data-e-type=\"container\">\n\t\t\t\t<\/div>\n\t\t<div class=\"elementor-element elementor-element-c63454e e-con-full e-flex e-con e-child\" data-id=\"c63454e\" data-element_type=\"container\" data-e-type=\"container\">\n\t\t\t\t<div class=\"elementor-element elementor-element-c7cfb56 elementor-widget elementor-widget-text-editor\" data-id=\"c7cfb56\" data-element_type=\"widget\" data-e-type=\"widget\" data-widget_type=\"text-editor.default\">\n\t\t\t\t<div class=\"elementor-widget-container\">\n\t\t\t\t\t\t\t\t\t<p style=\"font-weight: 400;\"><strong>Biocure Pharma Biotechnology S.A.<\/strong> develops advanced dermotherapeutic products that combine science, technology, and the richness of Brazilian biodiversity to treat specific skin conditions. Based on the unique properties of Hevea brasiliensis latex, our dermotherapeutics provide effective and safe solutions for a variety of dermatological issues.<\/p>\t\t\t\t\t\t\t\t<\/div>\n\t\t\t\t<\/div>\n\t\t\t\t<\/div>\n\t\t\t\t\t<\/div>\n\t\t\t\t<\/div>\n\t\t<div class=\"elementor-element elementor-element-f48e7e7 e-flex e-con-boxed e-con e-parent\" data-id=\"f48e7e7\" data-element_type=\"container\" data-e-type=\"container\">\n\t\t\t\t\t<div class=\"e-con-inner\">\n\t\t<div class=\"elementor-element elementor-element-a2ad40d e-con-full e-flex e-con e-child\" data-id=\"a2ad40d\" data-element_type=\"container\" data-e-type=\"container\">\n\t\t\t\t<div class=\"elementor-element elementor-element-8027d6e elementor-widget elementor-widget-heading\" data-id=\"8027d6e\" data-element_type=\"widget\" data-e-type=\"widget\" data-widget_type=\"heading.default\">\n\t\t\t\t<div class=\"elementor-widget-container\">\n\t\t\t\t\t<h2 class=\"elementor-heading-title elementor-size-default\">OUR INNOVATION<\/h2>\t\t\t\t<\/div>\n\t\t\t\t<\/div>\n\t\t\t\t<\/div>\n\t\t<div class=\"elementor-element elementor-element-c06f2af e-con-full e-flex e-con e-child\" data-id=\"c06f2af\" data-element_type=\"container\" data-e-type=\"container\">\n\t\t\t\t<div class=\"elementor-element elementor-element-d5e2b4e elementor-widget elementor-widget-text-editor\" data-id=\"d5e2b4e\" data-element_type=\"widget\" data-e-type=\"widget\" data-widget_type=\"text-editor.default\">\n\t\t\t\t<div class=\"elementor-widget-container\">\n\t\t\t\t\t\t\t\t\t<p>The <strong>Biocure Pharma Biotechnology S.A.<\/strong> dermotherapeutic products are formulated to offer specialized treatments, focusing on:<\/p><p><strong>\u2013 Advanced Healing:<\/strong> Products that accelerate the healing process, promoting the regeneration of damaged tissues.<br \/><strong>\u2013 Treatment of Ulcers and Chronic Wounds:<\/strong> Effective solutions for the management and recovery of hard-to-treat lesions.<br \/><strong>\u2013 Anti-inflammatory and Antimicrobial Action:<\/strong> Reduces inflammation and fights infections, ensuring faster and more effective recovery.<\/p>\t\t\t\t\t\t\t\t<\/div>\n\t\t\t\t<\/div>\n\t\t\t\t<\/div>\n\t\t\t\t\t<\/div>\n\t\t\t\t<\/div>\n\t\t<div class=\"elementor-element elementor-element-6380fe4 e-flex e-con-boxed e-con e-parent\" data-id=\"6380fe4\" data-element_type=\"container\" data-e-type=\"container\">\n\t\t\t\t\t<div class=\"e-con-inner\">\n\t\t<div class=\"elementor-element elementor-element-6c9b1a9 e-con-full e-flex e-con e-child\" data-id=\"6c9b1a9\" data-element_type=\"container\" data-e-type=\"container\">\n\t\t\t\t<div class=\"elementor-element elementor-element-97a4e1e elementor-widget elementor-widget-heading\" data-id=\"97a4e1e\" data-element_type=\"widget\" data-e-type=\"widget\" data-widget_type=\"heading.default\">\n\t\t\t\t<div class=\"elementor-widget-container\">\n\t\t\t\t\t<h2 class=\"elementor-heading-title elementor-size-default\">Key Products<\/h2>\t\t\t\t<\/div>\n\t\t\t\t<\/div>\n\t\t\t\t<\/div>\n\t\t<div class=\"elementor-element elementor-element-bc09d24 e-con-full e-flex e-con e-child\" data-id=\"bc09d24\" data-element_type=\"container\" data-e-type=\"container\">\n\t\t\t\t<div class=\"elementor-element elementor-element-9a5000f elementor-widget elementor-widget-text-editor\" data-id=\"9a5000f\" data-element_type=\"widget\" data-e-type=\"widget\" data-widget_type=\"text-editor.default\">\n\t\t\t\t<div class=\"elementor-widget-container\">\n\t\t\t\t\t\t\t\t\t<p><strong>\u2013 Latex Biomembrane:<\/strong> Indicated for the healing of ulcers and burns, with properties that stimulate angiogenesis and tissue regeneration.<br \/><strong>\u2013 Biocure\u00ae Gel-Cream:<\/strong> A benchmark product for the treatment of chronic wounds, burns, and skin lesions, with rapid and proven action.<br \/><strong>\u2013 Therapeutic Ointments and Gels:<\/strong> Formulas specially developed to treat inflammation, infections, and promote the healing of various dermatological conditions.<\/p>\t\t\t\t\t\t\t\t<\/div>\n\t\t\t\t<\/div>\n\t\t\t\t<\/div>\n\t\t\t\t\t<\/div>\n\t\t\t\t<\/div>\n\t\t<div class=\"elementor-element elementor-element-176e91f e-flex e-con-boxed e-con e-parent\" data-id=\"176e91f\" data-element_type=\"container\" data-e-type=\"container\">\n\t\t\t\t\t<div class=\"e-con-inner\">\n\t\t<div class=\"elementor-element elementor-element-030119b e-con-full e-flex e-con e-child\" data-id=\"030119b\" data-element_type=\"container\" data-e-type=\"container\">\n\t\t\t\t<div class=\"elementor-element elementor-element-19cc1f4 elementor-widget elementor-widget-heading\" data-id=\"19cc1f4\" data-element_type=\"widget\" data-e-type=\"widget\" data-widget_type=\"heading.default\">\n\t\t\t\t<div class=\"elementor-widget-container\">\n\t\t\t\t\t<h2 class=\"elementor-heading-title elementor-size-default\">BENEFITS OF OUR DERMOTHERAPEUTIC PRODUCTS<\/h2>\t\t\t\t<\/div>\n\t\t\t\t<\/div>\n\t\t\t\t<\/div>\n\t\t<div class=\"elementor-element elementor-element-2b1fab6 e-con-full e-flex e-con e-child\" data-id=\"2b1fab6\" data-element_type=\"container\" data-e-type=\"container\">\n\t\t\t\t<div class=\"elementor-element elementor-element-cd5ab0a elementor-widget elementor-widget-text-editor\" data-id=\"cd5ab0a\" data-element_type=\"widget\" data-e-type=\"widget\" data-widget_type=\"text-editor.default\">\n\t\t\t\t<div class=\"elementor-widget-container\">\n\t\t\t\t\t\t\t\t\t<p><strong>\u2013 Clinical Efficacy:<\/strong> Proven results through clinical studies, ensuring confidence and safety in treatment.<br \/><strong>\u2013 Advanced Technology:<\/strong> Use of innovative extraction and purification techniques to maximize the efficacy of bioactives.<br \/><strong>\u2013 Natural and Safe:<\/strong> Products developed from natural resources, minimizing the risk of side effects and allergies.<\/p><p>At <strong>Biocure Pharma Biotechnology S.A.<\/strong> , our commitment is to offer dermotherapeutic solutions that truly make a difference in patients\u2019 lives, improving health and quality of life through science and nature.<\/p>\t\t\t\t\t\t\t\t<\/div>\n\t\t\t\t<\/div>\n\t\t\t\t<\/div>\n\t\t\t\t\t<\/div>\n\t\t\t\t<\/div>\n\t\t\t\t<\/div>","protected":false},"excerpt":{"rendered":"<p>Dermoterap\u00eauticos Biocure Pharma Biotechnology S.A. desenvolve produtos dermoterap\u00eauticos avan\u00e7ados que combinam ci\u00eancia, tecnologia e a riqueza da biodiversidade brasileira para tratar condi\u00e7\u00f5es espec\u00edficas da pele. Com base nas propriedades \u00fanicas do l\u00e1tex da Hevea brasiliensis, nossos dermoterap\u00eauticos proporcionam solu\u00e7\u00f5es eficazes e seguras para uma variedade de problemas dermatol\u00f3gicos. Nossa Inova\u00e7\u00e3o Os dermoterap\u00eauticos da Biocure Pharma [&hellip;]<\/p>","protected":false},"author":1,"featured_media":0,"parent":0,"menu_order":0,"comment_status":"closed","ping_status":"closed","template":"elementor_header_footer","meta":{"footnotes":""},"class_list":["post-242","page","type-page","status-publish","hentry"],"_links":{"self":[{"href":"https:\/\/biocure.com.br\/en\/wp-json\/wp\/v2\/pages\/242","targetHints":{"allow":["GET"]}}],"collection":[{"href":"https:\/\/biocure.com.br\/en\/wp-json\/wp\/v2\/pages"}],"about":[{"href":"https:\/\/biocure.com.br\/en\/wp-json\/wp\/v2\/types\/page"}],"author":[{"embeddable":true,"href":"https:\/\/biocure.com.br\/en\/wp-json\/wp\/v2\/users\/1"}],"replies":[{"embeddable":true,"href":"https:\/\/biocure.com.br\/en\/wp-json\/wp\/v2\/comments?post=242"}],"version-history":[{"count":13,"href":"https:\/\/biocure.com.br\/en\/wp-json\/wp\/v2\/pages\/242\/revisions"}],"predecessor-version":[{"id":391,"href":"https:\/\/biocure.com.br\/en\/wp-json\/wp\/v2\/pages\/242\/revisions\/391"}],"wp:attachment":[{"href":"https:\/\/biocure.com.br\/en\/wp-json\/wp\/v2\/media?parent=242"}],"curies":[{"name":"wp","href":"https:\/\/api.w.org\/{rel}","templated":true}]}}