{"id":237,"date":"2024-07-19T23:13:11","date_gmt":"2024-07-19T23:13:11","guid":{"rendered":"https:\/\/biocure.com.br\/?page_id=237"},"modified":"2024-11-02T18:17:59","modified_gmt":"2024-11-02T18:17:59","slug":"dermocosmeticos","status":"publish","type":"page","link":"https:\/\/biocure.com.br\/en\/dermocosmeticos\/","title":{"rendered":"Dermocosmetics"},"content":{"rendered":"<div data-elementor-type=\"wp-page\" data-elementor-id=\"237\" class=\"elementor elementor-237\" data-elementor-post-type=\"page\">\n\t\t\t\t<div class=\"elementor-element elementor-element-5d686a9 e-flex e-con-boxed e-con e-parent\" data-id=\"5d686a9\" data-element_type=\"container\" data-e-type=\"container\" data-settings=\"{&quot;background_background&quot;:&quot;classic&quot;}\">\n\t\t\t\t\t<div class=\"e-con-inner\">\n\t\t\t\t<div class=\"elementor-element elementor-element-6ae3462 elementor-widget elementor-widget-heading\" data-id=\"6ae3462\" data-element_type=\"widget\" data-e-type=\"widget\" data-widget_type=\"heading.default\">\n\t\t\t\t<div class=\"elementor-widget-container\">\n\t\t\t\t\t<h2 class=\"elementor-heading-title elementor-size-default\">Dermocosmetics<\/h2>\t\t\t\t<\/div>\n\t\t\t\t<\/div>\n\t\t\t\t\t<\/div>\n\t\t\t\t<\/div>\n\t\t<div class=\"elementor-element elementor-element-b55fbe9 e-flex e-con-boxed e-con e-parent\" data-id=\"b55fbe9\" data-element_type=\"container\" data-e-type=\"container\" data-settings=\"{&quot;background_background&quot;:&quot;classic&quot;}\">\n\t\t\t\t\t<div class=\"e-con-inner\">\n\t\t<div class=\"elementor-element elementor-element-5c8f9af e-con-full e-flex e-con e-child\" data-id=\"5c8f9af\" data-element_type=\"container\" data-e-type=\"container\">\n\t\t\t\t<div class=\"elementor-element elementor-element-3b99e03 elementor-hidden-mobile elementor-widget elementor-widget-image\" data-id=\"3b99e03\" data-element_type=\"widget\" data-e-type=\"widget\" data-widget_type=\"image.default\">\n\t\t\t\t<div class=\"elementor-widget-container\">\n\t\t\t\t\t\t\t\t\t\t\t\t\t\t\t<img fetchpriority=\"high\" decoding=\"async\" width=\"530\" height=\"524\" src=\"https:\/\/biocure.com.br\/wp-content\/uploads\/2024\/07\/menina-gio.png\" class=\"attachment-large size-large wp-image-107\" alt=\"\" srcset=\"https:\/\/biocure.com.br\/wp-content\/uploads\/2024\/07\/menina-gio.png 530w, https:\/\/biocure.com.br\/wp-content\/uploads\/2024\/07\/menina-gio-300x297.png 300w\" sizes=\"(max-width: 530px) 100vw, 530px\" \/>\t\t\t\t\t\t\t\t\t\t\t\t\t\t\t<\/div>\n\t\t\t\t<\/div>\n\t\t\t\t<div class=\"elementor-element elementor-element-e84f402 elementor-widget elementor-widget-image\" data-id=\"e84f402\" data-element_type=\"widget\" data-e-type=\"widget\" data-widget_type=\"image.default\">\n\t\t\t\t<div class=\"elementor-widget-container\">\n\t\t\t\t\t\t\t\t\t\t\t\t\t\t\t<img decoding=\"async\" width=\"467\" height=\"371\" src=\"https:\/\/biocure.com.br\/wp-content\/uploads\/2024\/07\/prod-gio.png\" class=\"attachment-large size-large wp-image-108\" alt=\"\" srcset=\"https:\/\/biocure.com.br\/wp-content\/uploads\/2024\/07\/prod-gio.png 467w, https:\/\/biocure.com.br\/wp-content\/uploads\/2024\/07\/prod-gio-300x238.png 300w\" sizes=\"(max-width: 467px) 100vw, 467px\" \/>\t\t\t\t\t\t\t\t\t\t\t\t\t\t\t<\/div>\n\t\t\t\t<\/div>\n\t\t\t\t<\/div>\n\t\t<div class=\"elementor-element elementor-element-c022cb2 e-con-full e-flex e-con e-child\" data-id=\"c022cb2\" data-element_type=\"container\" data-e-type=\"container\">\n\t\t\t\t<div class=\"elementor-element elementor-element-2ebe25c elementor-widget elementor-widget-heading\" data-id=\"2ebe25c\" data-element_type=\"widget\" data-e-type=\"widget\" data-widget_type=\"heading.default\">\n\t\t\t\t<div class=\"elementor-widget-container\">\n\t\t\t\t\t<h2 class=\"elementor-heading-title elementor-size-default\">gioviale\u00ae<\/h2>\t\t\t\t<\/div>\n\t\t\t\t<\/div>\n\t\t\t\t<div class=\"elementor-element elementor-element-a317b97 elementor-widget elementor-widget-text-editor\" data-id=\"a317b97\" data-element_type=\"widget\" data-e-type=\"widget\" data-widget_type=\"text-editor.default\">\n\t\t\t\t<div class=\"elementor-widget-container\">\n\t\t\t\t\t\t\t\t\t<p>GIOVIALE IS DEVELOPED USING BIOTECHNOLOGY FROM THE PROTEIN FRACTION OF HEVEA BRASILIENSIS. THIS FRACTION, ALSO KNOWN AS ANGIOPROTEIN OR POPULARLY REFERRED TO AS THE \u201cAMAZONIAN BOTOX,\u201d IS RESPONSIBLE FOR INCREASING THE PRODUCTION OF COLLAGEN-PRODUCING CELLS BY UP TO 40 TIMES.<\/p>\t\t\t\t\t\t\t\t<\/div>\n\t\t\t\t<\/div>\n\t\t\t\t<\/div>\n\t\t\t\t\t<\/div>\n\t\t\t\t<\/div>\n\t\t<div class=\"elementor-element elementor-element-67fde68 e-flex e-con-boxed e-con e-parent\" data-id=\"67fde68\" data-element_type=\"container\" data-e-type=\"container\">\n\t\t\t\t\t<div class=\"e-con-inner\">\n\t\t<div class=\"elementor-element elementor-element-038b3e4 e-con-full e-flex e-con e-child\" data-id=\"038b3e4\" data-element_type=\"container\" data-e-type=\"container\">\n\t\t\t\t<div class=\"elementor-element elementor-element-d7a76a5 elementor-widget elementor-widget-heading\" data-id=\"d7a76a5\" data-element_type=\"widget\" data-e-type=\"widget\" data-widget_type=\"heading.default\">\n\t\t\t\t<div class=\"elementor-widget-container\">\n\t\t\t\t\t<h2 class=\"elementor-heading-title elementor-size-default\">Biocure Pharma Biotechnology S.A. Dermocosmetic Line<\/h2>\t\t\t\t<\/div>\n\t\t\t\t<\/div>\n\t\t\t\t<\/div>\n\t\t<div class=\"elementor-element elementor-element-aac4f66 e-con-full e-flex e-con e-child\" data-id=\"aac4f66\" data-element_type=\"container\" data-e-type=\"container\">\n\t\t\t\t<div class=\"elementor-element elementor-element-28e7f97 elementor-widget elementor-widget-text-editor\" data-id=\"28e7f97\" data-element_type=\"widget\" data-e-type=\"widget\" data-widget_type=\"text-editor.default\">\n\t\t\t\t<div class=\"elementor-widget-container\">\n\t\t\t\t\t\t\t\t\t<p style=\"font-weight: 400;\"><strong>Biocure Pharma Biotechnology S.A.<\/strong> offers a dermocosmetic line that combines science and nature to provide exceptional skincare. Utilizing protein fractions from Hevea brasiliensis latex serum, our products are formulated to promote skin health and beauty in a natural and effective way.<\/p>\t\t\t\t\t\t\t\t<\/div>\n\t\t\t\t<\/div>\n\t\t\t\t<\/div>\n\t\t\t\t\t<\/div>\n\t\t\t\t<\/div>\n\t\t<div class=\"elementor-element elementor-element-f2cd3c0 e-flex e-con-boxed e-con e-parent\" data-id=\"f2cd3c0\" data-element_type=\"container\" data-e-type=\"container\">\n\t\t\t\t\t<div class=\"e-con-inner\">\n\t\t<div class=\"elementor-element elementor-element-ec29a1a e-con-full e-flex e-con e-child\" data-id=\"ec29a1a\" data-element_type=\"container\" data-e-type=\"container\">\n\t\t\t\t<div class=\"elementor-element elementor-element-ef090f1 elementor-widget elementor-widget-heading\" data-id=\"ef090f1\" data-element_type=\"widget\" data-e-type=\"widget\" data-widget_type=\"heading.default\">\n\t\t\t\t<div class=\"elementor-widget-container\">\n\t\t\t\t\t<h2 class=\"elementor-heading-title elementor-size-default\">Our Approach<\/h2>\t\t\t\t<\/div>\n\t\t\t\t<\/div>\n\t\t\t\t<\/div>\n\t\t<div class=\"elementor-element elementor-element-da4fb4d e-con-full e-flex e-con e-child\" data-id=\"da4fb4d\" data-element_type=\"container\" data-e-type=\"container\">\n\t\t\t\t<div class=\"elementor-element elementor-element-c0e70b2 elementor-widget elementor-widget-text-editor\" data-id=\"c0e70b2\" data-element_type=\"widget\" data-e-type=\"widget\" data-widget_type=\"text-editor.default\">\n\t\t\t\t<div class=\"elementor-widget-container\">\n\t\t\t\t\t\t\t\t\t<p>The <strong>Biocure Pharma Biotechnology S.A.<\/strong> line is developed based on rigorous scientific standards, ensuring that each product delivers:<\/p><p><strong>\u2013 Proven Efficacy:<\/strong> Rigorous clinical testing and validation by experts guarantee visible and long-lasting results.<br \/><strong>\u2013 Safety:<\/strong> Natural and biocompatible ingredients minimize the risk of irritation and allergies.<br \/><strong>\u2013 Sustainability:<\/strong> Eco-friendly production processes and responsible use of Brazilian natural resources.<\/p>\t\t\t\t\t\t\t\t<\/div>\n\t\t\t\t<\/div>\n\t\t\t\t<\/div>\n\t\t\t\t\t<\/div>\n\t\t\t\t<\/div>\n\t\t<div class=\"elementor-element elementor-element-50e2dad e-flex e-con-boxed e-con e-parent\" data-id=\"50e2dad\" data-element_type=\"container\" data-e-type=\"container\">\n\t\t\t\t\t<div class=\"e-con-inner\">\n\t\t<div class=\"elementor-element elementor-element-bb8e795 e-con-full e-flex e-con e-child\" data-id=\"bb8e795\" data-element_type=\"container\" data-e-type=\"container\">\n\t\t\t\t<div class=\"elementor-element elementor-element-96a5377 elementor-widget elementor-widget-heading\" data-id=\"96a5377\" data-element_type=\"widget\" data-e-type=\"widget\" data-widget_type=\"heading.default\">\n\t\t\t\t<div class=\"elementor-widget-container\">\n\t\t\t\t\t<h2 class=\"elementor-heading-title elementor-size-default\">Key Products<\/h2>\t\t\t\t<\/div>\n\t\t\t\t<\/div>\n\t\t\t\t<\/div>\n\t\t<div class=\"elementor-element elementor-element-169fc80 e-con-full e-flex e-con e-child\" data-id=\"169fc80\" data-element_type=\"container\" data-e-type=\"container\">\n\t\t\t\t<div class=\"elementor-element elementor-element-cbdd715 elementor-widget elementor-widget-text-editor\" data-id=\"cbdd715\" data-element_type=\"widget\" data-e-type=\"widget\" data-widget_type=\"text-editor.default\">\n\t\t\t\t<div class=\"elementor-widget-container\">\n\t\t\t\t\t\t\t\t\t<p><strong>&#8211; Biocure\u00ae Gel-Creme HBS (antes Regederm):<\/strong> Our flagship product, a powerful wound healing accelerator that combines regenerative and anti-inflammatory properties.<br \/><strong>\u2013 Advanced Moisturizers:<\/strong> Formulas that nourish and revitalize the skin, providing deep and long-lasting hydration.<br \/><strong>\u2013 Anti-Aging Products:<\/strong> Solutions that combat the signs of aging by stimulating collagen production and cell renewal.<\/p>\t\t\t\t\t\t\t\t<\/div>\n\t\t\t\t<\/div>\n\t\t\t\t<\/div>\n\t\t\t\t\t<\/div>\n\t\t\t\t<\/div>\n\t\t<div class=\"elementor-element elementor-element-e40e09d e-flex e-con-boxed e-con e-parent\" data-id=\"e40e09d\" data-element_type=\"container\" data-e-type=\"container\">\n\t\t\t\t\t<div class=\"e-con-inner\">\n\t\t<div class=\"elementor-element elementor-element-e5d23cb e-con-full e-flex e-con e-child\" data-id=\"e5d23cb\" data-element_type=\"container\" data-e-type=\"container\">\n\t\t\t\t<div class=\"elementor-element elementor-element-a7b6731 elementor-widget elementor-widget-heading\" data-id=\"a7b6731\" data-element_type=\"widget\" data-e-type=\"widget\" data-widget_type=\"heading.default\">\n\t\t\t\t<div class=\"elementor-widget-container\">\n\t\t\t\t\t<h2 class=\"elementor-heading-title elementor-size-default\">Benefits of Our Dermocosmetics<\/h2>\t\t\t\t<\/div>\n\t\t\t\t<\/div>\n\t\t\t\t<\/div>\n\t\t<div class=\"elementor-element elementor-element-39bc474 e-con-full e-flex e-con e-child\" data-id=\"39bc474\" data-element_type=\"container\" data-e-type=\"container\">\n\t\t\t\t<div class=\"elementor-element elementor-element-bf3875a elementor-widget elementor-widget-text-editor\" data-id=\"bf3875a\" data-element_type=\"widget\" data-e-type=\"widget\" data-widget_type=\"text-editor.default\">\n\t\t\t\t<div class=\"elementor-widget-container\">\n\t\t\t\t\t\t\t\t\t<p><strong>\u2013 Renewal and Rejuvenation:<\/strong> Intensive action in skin regeneration, smoothing wrinkles and fine lines.<br \/><strong>\u2013 Protection and Repair:<\/strong> Strengthening the skin barrier and repairing damage caused by external agents.<br \/><strong>\u2013 Radiance and Vitality:<\/strong> Active ingredients that restore the skin\u2019s natural glow and vitality.<\/p><p>At <strong>Biocure Pharma Biotechnology S.A.<\/strong>, we believe that beauty is an extension of health. Our dermocosmetics celebrate Brazilian biodiversity, bringing the secrets of the forest into your skincare routine.<\/p>\t\t\t\t\t\t\t\t<\/div>\n\t\t\t\t<\/div>\n\t\t\t\t<\/div>\n\t\t\t\t\t<\/div>\n\t\t\t\t<\/div>\n\t\t\t\t<\/div>","protected":false},"excerpt":{"rendered":"<p>Dermocosm\u00e9ticos gioviale\u00ae Gioviale \u00e9 desenvolvido com biotecnologia a partir da fra\u00e7\u00e3o proteica da \u201cHevea Brasiliensis\u201d. Essa fra\u00e7\u00e3o, tamb\u00e9m conhecida como Angioprotein ou popularmente dita como &#8220;botox da Amaz\u00f4nia&#8221;, \u00e9 respons\u00e1vel por aumentar em at\u00e9 40 vezes a produ\u00e7\u00e3o das c\u00e9lulas que fabricam o Col\u00e1geno. Linha de Dermocosm\u00e9ticos da Biocure Pharma Biotechnology S.A. Biocure Pharma Biotechnology [&hellip;]<\/p>","protected":false},"author":1,"featured_media":0,"parent":0,"menu_order":0,"comment_status":"closed","ping_status":"closed","template":"elementor_header_footer","meta":{"footnotes":""},"class_list":["post-237","page","type-page","status-publish","hentry"],"_links":{"self":[{"href":"https:\/\/biocure.com.br\/en\/wp-json\/wp\/v2\/pages\/237","targetHints":{"allow":["GET"]}}],"collection":[{"href":"https:\/\/biocure.com.br\/en\/wp-json\/wp\/v2\/pages"}],"about":[{"href":"https:\/\/biocure.com.br\/en\/wp-json\/wp\/v2\/types\/page"}],"author":[{"embeddable":true,"href":"https:\/\/biocure.com.br\/en\/wp-json\/wp\/v2\/users\/1"}],"replies":[{"embeddable":true,"href":"https:\/\/biocure.com.br\/en\/wp-json\/wp\/v2\/comments?post=237"}],"version-history":[{"count":28,"href":"https:\/\/biocure.com.br\/en\/wp-json\/wp\/v2\/pages\/237\/revisions"}],"predecessor-version":[{"id":461,"href":"https:\/\/biocure.com.br\/en\/wp-json\/wp\/v2\/pages\/237\/revisions\/461"}],"wp:attachment":[{"href":"https:\/\/biocure.com.br\/en\/wp-json\/wp\/v2\/media?parent=237"}],"curies":[{"name":"wp","href":"https:\/\/api.w.org\/{rel}","templated":true}]}}