{"id":231,"date":"2024-07-19T23:01:34","date_gmt":"2024-07-19T23:01:34","guid":{"rendered":"https:\/\/biocure.com.br\/?page_id=231"},"modified":"2024-08-15T20:20:22","modified_gmt":"2024-08-15T20:20:22","slug":"bioativos","status":"publish","type":"page","link":"https:\/\/biocure.com.br\/en\/bioativos\/","title":{"rendered":"Bioactives"},"content":{"rendered":"<div data-elementor-type=\"wp-page\" data-elementor-id=\"231\" class=\"elementor elementor-231\" data-elementor-post-type=\"page\">\n\t\t\t\t<div class=\"elementor-element elementor-element-5d686a9 e-flex e-con-boxed e-con e-parent\" data-id=\"5d686a9\" data-element_type=\"container\" data-e-type=\"container\" data-settings=\"{&quot;background_background&quot;:&quot;classic&quot;}\">\n\t\t\t\t\t<div class=\"e-con-inner\">\n\t\t\t\t<div class=\"elementor-element elementor-element-6ae3462 elementor-widget elementor-widget-heading\" data-id=\"6ae3462\" data-element_type=\"widget\" data-e-type=\"widget\" data-widget_type=\"heading.default\">\n\t\t\t\t<div class=\"elementor-widget-container\">\n\t\t\t\t\t<h2 class=\"elementor-heading-title elementor-size-default\">Bioactives<\/h2>\t\t\t\t<\/div>\n\t\t\t\t<\/div>\n\t\t\t\t\t<\/div>\n\t\t\t\t<\/div>\n\t\t<div class=\"elementor-element elementor-element-f8fc3c1 e-flex e-con-boxed e-con e-parent\" data-id=\"f8fc3c1\" data-element_type=\"container\" data-e-type=\"container\">\n\t\t\t\t\t<div class=\"e-con-inner\">\n\t\t<div class=\"elementor-element elementor-element-ea7333e e-con-full e-flex e-con e-child\" data-id=\"ea7333e\" data-element_type=\"container\" data-e-type=\"container\">\n\t\t\t\t<div class=\"elementor-element elementor-element-e07ba11 elementor-widget elementor-widget-heading\" data-id=\"e07ba11\" data-element_type=\"widget\" data-e-type=\"widget\" data-widget_type=\"heading.default\">\n\t\t\t\t<div class=\"elementor-widget-container\">\n\t\t\t\t\t<h2 class=\"elementor-heading-title elementor-size-default\">Bioactives<\/h2>\t\t\t\t<\/div>\n\t\t\t\t<\/div>\n\t\t\t\t<\/div>\n\t\t<div class=\"elementor-element elementor-element-c5a3fa8 e-con-full e-flex e-con e-child\" data-id=\"c5a3fa8\" data-element_type=\"container\" data-e-type=\"container\">\n\t\t\t\t<div class=\"elementor-element elementor-element-54e512e elementor-widget elementor-widget-text-editor\" data-id=\"54e512e\" data-element_type=\"widget\" data-e-type=\"widget\" data-widget_type=\"text-editor.default\">\n\t\t\t\t<div class=\"elementor-widget-container\">\n\t\t\t\t\t\t\t\t\t<p style=\"font-weight: 400;\"><strong>Biocure Pharma Biotechnology S.A.<\/strong> is a pioneer in the development of bioactives derived from the latex of Hevea brasiliensis, the rubber tree. Since 1993, our research has explored the potent therapeutic properties of this plant, resulting in a wide range of bioactives with promising applications in the medical and cosmetic fields.<\/p>\t\t\t\t\t\t\t\t<\/div>\n\t\t\t\t<\/div>\n\t\t\t\t<\/div>\n\t\t\t\t\t<\/div>\n\t\t\t\t<\/div>\n\t\t<div class=\"elementor-element elementor-element-1166c35 e-flex e-con-boxed e-con e-parent\" data-id=\"1166c35\" data-element_type=\"container\" data-e-type=\"container\">\n\t\t\t\t\t<div class=\"e-con-inner\">\n\t\t<div class=\"elementor-element elementor-element-477c499 e-con-full e-flex e-con e-child\" data-id=\"477c499\" data-element_type=\"container\" data-e-type=\"container\">\n\t\t\t\t<div class=\"elementor-element elementor-element-5facb7f elementor-widget elementor-widget-heading\" data-id=\"5facb7f\" data-element_type=\"widget\" data-e-type=\"widget\" data-widget_type=\"heading.default\">\n\t\t\t\t<div class=\"elementor-widget-container\">\n\t\t\t\t\t<h2 class=\"elementor-heading-title elementor-size-default\">OUR INNOVATION<\/h2>\t\t\t\t<\/div>\n\t\t\t\t<\/div>\n\t\t\t\t<\/div>\n\t\t<div class=\"elementor-element elementor-element-432d8b8 e-con-full e-flex e-con e-child\" data-id=\"432d8b8\" data-element_type=\"container\" data-e-type=\"container\">\n\t\t\t\t<div class=\"elementor-element elementor-element-8583882 elementor-widget elementor-widget-text-editor\" data-id=\"8583882\" data-element_type=\"widget\" data-e-type=\"widget\" data-widget_type=\"text-editor.default\">\n\t\t\t\t<div class=\"elementor-widget-container\">\n\t\t\t\t\t\t\t\t\t<p>The bioactives from <strong>Biocure Pharma Biotechnology S.A.<\/strong> are extracted and purified through innovative processes, ensuring high efficiency and safety. Our products have demonstrated remarkable properties, including:<\/p><p><strong>\u2013 Angiogenesis:<\/strong> Stimulation of new blood vessel formation, essential for wound healing and tissue regeneration.<br \/><strong>\u2013 Anti-inflammatory Action: <\/strong>Reduction of inflammation, promoting faster and more effective recovery.<br \/><strong>\u2013 Cell Regeneration:<\/strong> Acceleration of the cell renewal process, vital for dermatological and aesthetic treatments.<\/p>\t\t\t\t\t\t\t\t<\/div>\n\t\t\t\t<\/div>\n\t\t\t\t<\/div>\n\t\t\t\t\t<\/div>\n\t\t\t\t<\/div>\n\t\t<div class=\"elementor-element elementor-element-7ae6ebd e-flex e-con-boxed e-con e-parent\" data-id=\"7ae6ebd\" data-element_type=\"container\" data-e-type=\"container\">\n\t\t\t\t\t<div class=\"e-con-inner\">\n\t\t<div class=\"elementor-element elementor-element-40e3455 e-con-full e-flex e-con e-child\" data-id=\"40e3455\" data-element_type=\"container\" data-e-type=\"container\">\n\t\t\t\t<div class=\"elementor-element elementor-element-b4c2091 elementor-widget elementor-widget-heading\" data-id=\"b4c2091\" data-element_type=\"widget\" data-e-type=\"widget\" data-widget_type=\"heading.default\">\n\t\t\t\t<div class=\"elementor-widget-container\">\n\t\t\t\t\t<h2 class=\"elementor-heading-title elementor-size-default\">APPLICATIONS OF BIOACTIVES<\/h2>\t\t\t\t<\/div>\n\t\t\t\t<\/div>\n\t\t\t\t<\/div>\n\t\t<div class=\"elementor-element elementor-element-df007b6 e-con-full e-flex e-con e-child\" data-id=\"df007b6\" data-element_type=\"container\" data-e-type=\"container\">\n\t\t\t\t<div class=\"elementor-element elementor-element-5e7ae38 elementor-widget elementor-widget-text-editor\" data-id=\"5e7ae38\" data-element_type=\"widget\" data-e-type=\"widget\" data-widget_type=\"text-editor.default\">\n\t\t\t\t<div class=\"elementor-widget-container\">\n\t\t\t\t\t\t\t\t\t<p>Our bioactives are used in various areas, including:<\/p><p><strong>\u2013 Therapeutic Products:<\/strong> Treatment of ulcers, burns, and chronic wounds.<br \/><strong>\u2013 Dermocosmetics:<\/strong> Active ingredients in skincare products, offering anti-aging and reparative benefits.<br \/><strong>\u2013 Scientific Research:<\/strong> Basis for advanced studies in biotechnology and regenerative medicine.<\/p><p>With strategic partnerships and a solid research foundation, <strong>Biocure Pharma Biotechnology S.A.<\/strong> continues to expand the horizons of bioactives, bringing the best of Brazilian biodiversity to the world.<\/p>\t\t\t\t\t\t\t\t<\/div>\n\t\t\t\t<\/div>\n\t\t\t\t<\/div>\n\t\t\t\t\t<\/div>\n\t\t\t\t<\/div>\n\t\t<div class=\"elementor-element elementor-element-11cb610 e-flex e-con-boxed e-con e-parent\" data-id=\"11cb610\" data-element_type=\"container\" data-e-type=\"container\">\n\t\t\t\t\t<div class=\"e-con-inner\">\n\t\t\t\t\t<\/div>\n\t\t\t\t<\/div>\n\t\t\t\t<\/div>","protected":false},"excerpt":{"rendered":"<p>Bioativos Bioativos Biocure Pharma Biotechnology S.A. \u00e9 pioneira no desenvolvimento de bioativos derivados do l\u00e1tex da Hevea brasiliensis, a seringueira. Desde 1993, nossas pesquisas t\u00eam explorado as potentes propriedades terap\u00eauticas desta planta, culminando em uma vasta gama de bioativos com aplica\u00e7\u00f5es promissoras na \u00e1rea m\u00e9dica e cosm\u00e9tica. Nossa Inova\u00e7\u00e3o Os bioativos da Biocure Pharma Biotechnology [&hellip;]<\/p>","protected":false},"author":1,"featured_media":0,"parent":0,"menu_order":0,"comment_status":"closed","ping_status":"closed","template":"elementor_header_footer","meta":{"footnotes":""},"class_list":["post-231","page","type-page","status-publish","hentry"],"_links":{"self":[{"href":"https:\/\/biocure.com.br\/en\/wp-json\/wp\/v2\/pages\/231","targetHints":{"allow":["GET"]}}],"collection":[{"href":"https:\/\/biocure.com.br\/en\/wp-json\/wp\/v2\/pages"}],"about":[{"href":"https:\/\/biocure.com.br\/en\/wp-json\/wp\/v2\/types\/page"}],"author":[{"embeddable":true,"href":"https:\/\/biocure.com.br\/en\/wp-json\/wp\/v2\/users\/1"}],"replies":[{"embeddable":true,"href":"https:\/\/biocure.com.br\/en\/wp-json\/wp\/v2\/comments?post=231"}],"version-history":[{"count":7,"href":"https:\/\/biocure.com.br\/en\/wp-json\/wp\/v2\/pages\/231\/revisions"}],"predecessor-version":[{"id":397,"href":"https:\/\/biocure.com.br\/en\/wp-json\/wp\/v2\/pages\/231\/revisions\/397"}],"wp:attachment":[{"href":"https:\/\/biocure.com.br\/en\/wp-json\/wp\/v2\/media?parent=231"}],"curies":[{"name":"wp","href":"https:\/\/api.w.org\/{rel}","templated":true}]}}