{"id":10,"date":"2024-07-16T17:48:50","date_gmt":"2024-07-16T17:48:50","guid":{"rendered":"https:\/\/biocure.com.br\/?page_id=10"},"modified":"2024-11-02T17:51:19","modified_gmt":"2024-11-02T17:51:19","slug":"home","status":"publish","type":"page","link":"https:\/\/biocure.com.br\/en\/","title":{"rendered":"Home"},"content":{"rendered":"<div data-elementor-type=\"wp-page\" data-elementor-id=\"10\" class=\"elementor elementor-10\" data-elementor-post-type=\"page\">\n\t\t\t\t<div class=\"elementor-element elementor-element-053c9e4 e-con-full e-flex e-con e-parent\" data-id=\"053c9e4\" data-element_type=\"container\" data-e-type=\"container\" data-settings=\"{&quot;background_background&quot;:&quot;classic&quot;}\">\n\t\t<div class=\"elementor-element elementor-element-40b284f e-con-full elementor-hidden-mobile e-flex e-con e-child\" data-id=\"40b284f\" data-element_type=\"container\" data-e-type=\"container\">\n\t\t\t\t<\/div>\n\t\t<div class=\"elementor-element elementor-element-fda64f4 e-con-full e-flex e-con e-child\" data-id=\"fda64f4\" data-element_type=\"container\" data-e-type=\"container\" data-settings=\"{&quot;background_background&quot;:&quot;classic&quot;}\">\n\t\t\t\t<div class=\"elementor-element elementor-element-3659ecf elementor-widget elementor-widget-heading\" data-id=\"3659ecf\" data-element_type=\"widget\" data-e-type=\"widget\" data-widget_type=\"heading.default\">\n\t\t\t\t<div class=\"elementor-widget-container\">\n\t\t\t\t\t<h2 class=\"elementor-heading-title elementor-size-default\">BIOCURE PHARMA BIOTECHNOLOGY: <br>BRAZILIAN BIODIVERSITY THROUGH A NEW SCIENTIFIC VIEW.<\/h2>\t\t\t\t<\/div>\n\t\t\t\t<\/div>\n\t\t\t\t<div class=\"elementor-element elementor-element-d809ce5 elementor-widget elementor-widget-text-editor\" data-id=\"d809ce5\" data-element_type=\"widget\" data-e-type=\"widget\" data-widget_type=\"text-editor.default\">\n\t\t\t\t<div class=\"elementor-widget-container\">\n\t\t\t\t\t\t\t\t\t<p>As a company, we believe in the power of science. But, above all, our work reflects our deep respect and care for nature.<\/p><p>We believe that only with strict scientific method and continuous research we can transform knowledge into health and well-being for all.<\/p>\t\t\t\t\t\t\t\t<\/div>\n\t\t\t\t<\/div>\n\t\t\t\t<\/div>\n\t\t\t\t<\/div>\n\t\t<div class=\"elementor-element elementor-element-11cfc1d e-flex e-con-boxed e-con e-parent\" data-id=\"11cfc1d\" data-element_type=\"container\" data-e-type=\"container\" data-settings=\"{&quot;background_background&quot;:&quot;classic&quot;}\">\n\t\t\t\t\t<div class=\"e-con-inner\">\n\t\t<div class=\"elementor-element elementor-element-b78f9b3 e-con-full e-flex e-con e-child\" data-id=\"b78f9b3\" data-element_type=\"container\" data-e-type=\"container\">\n\t\t\t\t<div class=\"elementor-element elementor-element-e67ab62 elementor-widget elementor-widget-heading\" data-id=\"e67ab62\" data-element_type=\"widget\" data-e-type=\"widget\" data-widget_type=\"heading.default\">\n\t\t\t\t<div class=\"elementor-widget-container\">\n\t\t\t\t\t<h2 class=\"elementor-heading-title elementor-size-default\">Previously REGEDERM, now<\/h2>\t\t\t\t<\/div>\n\t\t\t\t<\/div>\n\t\t\t\t<div class=\"elementor-element elementor-element-c6c6b0c elementor-widget elementor-widget-heading\" data-id=\"c6c6b0c\" data-element_type=\"widget\" data-e-type=\"widget\" data-widget_type=\"heading.default\">\n\t\t\t\t<div class=\"elementor-widget-container\">\n\t\t\t\t\t<h2 class=\"elementor-heading-title elementor-size-default\">Biocure\u00ae Gel Creme HBS<\/h2>\t\t\t\t<\/div>\n\t\t\t\t<\/div>\n\t\t\t\t<div class=\"elementor-element elementor-element-f64f502 elementor-widget elementor-widget-heading\" data-id=\"f64f502\" data-element_type=\"widget\" data-e-type=\"widget\" data-widget_type=\"heading.default\">\n\t\t\t\t<div class=\"elementor-widget-container\">\n\t\t\t\t\t<h2 class=\"elementor-heading-title elementor-size-default\">THE NEXT STEP IN SKIN REGENERATION<\/h2>\t\t\t\t<\/div>\n\t\t\t\t<\/div>\n\t\t\t\t<div class=\"elementor-element elementor-element-cfbc840 elementor-widget elementor-widget-text-editor\" data-id=\"cfbc840\" data-element_type=\"widget\" data-e-type=\"widget\" data-widget_type=\"text-editor.default\">\n\t\t\t\t<div class=\"elementor-widget-container\">\n\t\t\t\t\t\t\t\t\t<p>Biocure\u00ae Gel-Creme (antes Regederm) \u00e9 um gel-creme contendo fra\u00e7\u00f5es proteicas extra\u00eddas da Hevea Brasiliensis (HBS) que estimula a forma\u00e7\u00e3o de novos vasos sangu\u00edneos e da recomposi\u00e7\u00e3o do epit\u00e9lio<\/p>\t\t\t\t\t\t\t\t<\/div>\n\t\t\t\t<\/div>\n\t\t\t\t<div class=\"elementor-element elementor-element-16d4fae elementor-align-center elementor-widget elementor-widget-button\" data-id=\"16d4fae\" data-element_type=\"widget\" data-e-type=\"widget\" data-widget_type=\"button.default\">\n\t\t\t\t<div class=\"elementor-widget-container\">\n\t\t\t\t\t\t\t\t\t<div class=\"elementor-button-wrapper\">\n\t\t\t\t\t<a class=\"elementor-button elementor-button-link elementor-size-sm\" href=\"https:\/\/biocure.com.br\/en\/biocure-gel-creme\/\">\n\t\t\t\t\t\t<span class=\"elementor-button-content-wrapper\">\n\t\t\t\t\t\t\t\t\t<span class=\"elementor-button-text\">Learn more<\/span>\n\t\t\t\t\t<\/span>\n\t\t\t\t\t<\/a>\n\t\t\t\t<\/div>\n\t\t\t\t\t\t\t\t<\/div>\n\t\t\t\t<\/div>\n\t\t\t\t<\/div>\n\t\t<div class=\"elementor-element elementor-element-884db7b e-con-full e-flex e-con e-child\" data-id=\"884db7b\" data-element_type=\"container\" data-e-type=\"container\">\n\t\t\t\t<div class=\"elementor-element elementor-element-df103f4 elementor-widget elementor-widget-image\" data-id=\"df103f4\" data-element_type=\"widget\" data-e-type=\"widget\" data-widget_type=\"image.default\">\n\t\t\t\t<div class=\"elementor-widget-container\">\n\t\t\t\t\t\t\t\t\t\t\t\t\t\t\t<img fetchpriority=\"high\" decoding=\"async\" width=\"500\" height=\"813\" src=\"https:\/\/biocure.com.br\/wp-content\/uploads\/2024\/07\/produto_01-copia.png\" class=\"attachment-large size-large wp-image-64\" alt=\"\" srcset=\"https:\/\/biocure.com.br\/wp-content\/uploads\/2024\/07\/produto_01-copia.png 500w, https:\/\/biocure.com.br\/wp-content\/uploads\/2024\/07\/produto_01-copia-185x300.png 185w\" sizes=\"(max-width: 500px) 100vw, 500px\" \/>\t\t\t\t\t\t\t\t\t\t\t\t\t\t\t<\/div>\n\t\t\t\t<\/div>\n\t\t\t\t<\/div>\n\t\t\t\t\t<\/div>\n\t\t\t\t<\/div>\n\t\t<div class=\"elementor-element elementor-element-aab8e4d e-flex e-con-boxed e-con e-parent\" data-id=\"aab8e4d\" data-element_type=\"container\" data-e-type=\"container\">\n\t\t\t\t\t<div class=\"e-con-inner\">\n\t\t\t\t<div class=\"elementor-element elementor-element-f346590 elementor-widget elementor-widget-menu-anchor\" data-id=\"f346590\" data-element_type=\"widget\" data-e-type=\"widget\" data-widget_type=\"menu-anchor.default\">\n\t\t\t\t<div class=\"elementor-widget-container\">\n\t\t\t\t\t\t\t<div class=\"elementor-menu-anchor\" id=\"segmentos\"><\/div>\n\t\t\t\t\t\t<\/div>\n\t\t\t\t<\/div>\n\t\t\t\t<div class=\"elementor-element elementor-element-12a6d35 elementor-widget elementor-widget-heading\" data-id=\"12a6d35\" data-element_type=\"widget\" data-e-type=\"widget\" data-widget_type=\"heading.default\">\n\t\t\t\t<div class=\"elementor-widget-container\">\n\t\t\t\t\t<h2 class=\"elementor-heading-title elementor-size-default\">OUR MARKET SEGMENTS<\/h2>\t\t\t\t<\/div>\n\t\t\t\t<\/div>\n\t\t\t\t<div class=\"elementor-element elementor-element-70ba3ce elementor-widget elementor-widget-text-editor\" data-id=\"70ba3ce\" data-element_type=\"widget\" data-e-type=\"widget\" data-widget_type=\"text-editor.default\">\n\t\t\t\t<div class=\"elementor-widget-container\">\n\t\t\t\t\t\t\t\t\t<p>Today, through Pelenova\u2019s solutions and brands, BIOCURE PHARMA BIOTECHNOLOGY is present in the dermocosmetic, dermotherapeutic, and pharmaceutical bioactive segments. Soon, it will also stand out in several other sectors of the global health market.<\/p>\t\t\t\t\t\t\t\t<\/div>\n\t\t\t\t<\/div>\n\t\t\t\t\t<\/div>\n\t\t\t\t<\/div>\n\t\t<div class=\"elementor-element elementor-element-acd538a e-con-full e-flex e-con e-parent\" data-id=\"acd538a\" data-element_type=\"container\" data-e-type=\"container\">\n\t\t<div class=\"elementor-element elementor-element-29f7427 e-con-full e-flex e-con e-child\" data-id=\"29f7427\" data-element_type=\"container\" data-e-type=\"container\" data-settings=\"{&quot;background_background&quot;:&quot;classic&quot;}\">\n\t\t\t\t<div class=\"elementor-element elementor-element-080ba6f elementor-widget elementor-widget-image\" data-id=\"080ba6f\" data-element_type=\"widget\" data-e-type=\"widget\" data-widget_type=\"image.default\">\n\t\t\t\t<div class=\"elementor-widget-container\">\n\t\t\t\t\t\t\t\t\t\t\t\t\t\t\t\t<a href=\"https:\/\/biocure.com.br\/en\/bioativos\/\">\n\t\t\t\t\t\t\t<img decoding=\"async\" width=\"612\" height=\"349\" src=\"https:\/\/biocure.com.br\/wp-content\/uploads\/2024\/07\/seg01.jpg\" class=\"attachment-large size-large wp-image-87\" alt=\"\" srcset=\"https:\/\/biocure.com.br\/wp-content\/uploads\/2024\/07\/seg01.jpg 612w, https:\/\/biocure.com.br\/wp-content\/uploads\/2024\/07\/seg01-300x171.jpg 300w\" sizes=\"(max-width: 612px) 100vw, 612px\" \/>\t\t\t\t\t\t\t\t<\/a>\n\t\t\t\t\t\t\t\t\t\t\t\t\t\t\t<\/div>\n\t\t\t\t<\/div>\n\t\t\t\t<div class=\"elementor-element elementor-element-12e2941 elementor-widget elementor-widget-heading\" data-id=\"12e2941\" data-element_type=\"widget\" data-e-type=\"widget\" data-widget_type=\"heading.default\">\n\t\t\t\t<div class=\"elementor-widget-container\">\n\t\t\t\t\t<h2 class=\"elementor-heading-title elementor-size-default\">Bioactives<\/h2>\t\t\t\t<\/div>\n\t\t\t\t<\/div>\n\t\t\t\t<\/div>\n\t\t<div class=\"elementor-element elementor-element-ea480d8 e-con-full e-flex e-con e-child\" data-id=\"ea480d8\" data-element_type=\"container\" data-e-type=\"container\" data-settings=\"{&quot;background_background&quot;:&quot;classic&quot;}\">\n\t\t\t\t<div class=\"elementor-element elementor-element-820677c elementor-widget elementor-widget-image\" data-id=\"820677c\" data-element_type=\"widget\" data-e-type=\"widget\" data-widget_type=\"image.default\">\n\t\t\t\t<div class=\"elementor-widget-container\">\n\t\t\t\t\t\t\t\t\t\t\t\t\t\t\t\t<a href=\"https:\/\/biocure.com.br\/en\/dermocosmeticos\/\">\n\t\t\t\t\t\t\t<img decoding=\"async\" width=\"612\" height=\"349\" src=\"https:\/\/biocure.com.br\/wp-content\/uploads\/2024\/07\/seg02.jpg\" class=\"attachment-large size-large wp-image-88\" alt=\"\" srcset=\"https:\/\/biocure.com.br\/wp-content\/uploads\/2024\/07\/seg02.jpg 612w, https:\/\/biocure.com.br\/wp-content\/uploads\/2024\/07\/seg02-300x171.jpg 300w\" sizes=\"(max-width: 612px) 100vw, 612px\" \/>\t\t\t\t\t\t\t\t<\/a>\n\t\t\t\t\t\t\t\t\t\t\t\t\t\t\t<\/div>\n\t\t\t\t<\/div>\n\t\t\t\t<div class=\"elementor-element elementor-element-bb0940a elementor-widget elementor-widget-heading\" data-id=\"bb0940a\" data-element_type=\"widget\" data-e-type=\"widget\" data-widget_type=\"heading.default\">\n\t\t\t\t<div class=\"elementor-widget-container\">\n\t\t\t\t\t<h2 class=\"elementor-heading-title elementor-size-default\">DERMOCOSMETICS<\/h2>\t\t\t\t<\/div>\n\t\t\t\t<\/div>\n\t\t\t\t<\/div>\n\t\t<div class=\"elementor-element elementor-element-5d7b980 e-con-full e-flex e-con e-child\" data-id=\"5d7b980\" data-element_type=\"container\" data-e-type=\"container\" data-settings=\"{&quot;background_background&quot;:&quot;classic&quot;}\">\n\t\t\t\t<div class=\"elementor-element elementor-element-86fff57 elementor-widget elementor-widget-image\" data-id=\"86fff57\" data-element_type=\"widget\" data-e-type=\"widget\" data-widget_type=\"image.default\">\n\t\t\t\t<div class=\"elementor-widget-container\">\n\t\t\t\t\t\t\t\t\t\t\t\t\t\t\t\t<a href=\"https:\/\/biocure.com.br\/en\/dermoterapeuticos\/\">\n\t\t\t\t\t\t\t<img loading=\"lazy\" decoding=\"async\" width=\"612\" height=\"349\" src=\"https:\/\/biocure.com.br\/wp-content\/uploads\/2024\/07\/seg03.jpg\" class=\"attachment-large size-large wp-image-89\" alt=\"\" srcset=\"https:\/\/biocure.com.br\/wp-content\/uploads\/2024\/07\/seg03.jpg 612w, https:\/\/biocure.com.br\/wp-content\/uploads\/2024\/07\/seg03-300x171.jpg 300w\" sizes=\"(max-width: 612px) 100vw, 612px\" \/>\t\t\t\t\t\t\t\t<\/a>\n\t\t\t\t\t\t\t\t\t\t\t\t\t\t\t<\/div>\n\t\t\t\t<\/div>\n\t\t\t\t<div class=\"elementor-element elementor-element-23c9dec elementor-widget elementor-widget-heading\" data-id=\"23c9dec\" data-element_type=\"widget\" data-e-type=\"widget\" data-widget_type=\"heading.default\">\n\t\t\t\t<div class=\"elementor-widget-container\">\n\t\t\t\t\t<h2 class=\"elementor-heading-title elementor-size-default\">DERMOTHERAPEUTICS<\/h2>\t\t\t\t<\/div>\n\t\t\t\t<\/div>\n\t\t\t\t<\/div>\n\t\t\t\t<\/div>\n\t\t<div class=\"elementor-element elementor-element-2351751 e-con-full e-flex e-con e-parent\" data-id=\"2351751\" data-element_type=\"container\" data-e-type=\"container\">\n\t\t<div class=\"elementor-element elementor-element-2fec92b e-con-full e-flex e-con e-child\" data-id=\"2fec92b\" data-element_type=\"container\" data-e-type=\"container\" data-settings=\"{&quot;background_background&quot;:&quot;classic&quot;}\">\n\t\t\t\t<div class=\"elementor-element elementor-element-175376a elementor-widget elementor-widget-menu-anchor\" data-id=\"175376a\" data-element_type=\"widget\" data-e-type=\"widget\" data-widget_type=\"menu-anchor.default\">\n\t\t\t\t<div class=\"elementor-widget-container\">\n\t\t\t\t\t\t\t<div class=\"elementor-menu-anchor\" id=\"quemsomos\"><\/div>\n\t\t\t\t\t\t<\/div>\n\t\t\t\t<\/div>\n\t\t\t\t<div class=\"elementor-element elementor-element-da12e98 elementor-widget elementor-widget-heading\" data-id=\"da12e98\" data-element_type=\"widget\" data-e-type=\"widget\" data-widget_type=\"heading.default\">\n\t\t\t\t<div class=\"elementor-widget-container\">\n\t\t\t\t\t<h2 class=\"elementor-heading-title elementor-size-default\">WE ARE BIOCURE PHARMA BIOTECHNOLOGY<\/h2>\t\t\t\t<\/div>\n\t\t\t\t<\/div>\n\t\t\t\t<div class=\"elementor-element elementor-element-59a2d32 elementor-widget elementor-widget-text-editor\" data-id=\"59a2d32\" data-element_type=\"widget\" data-e-type=\"widget\" data-widget_type=\"text-editor.default\">\n\t\t\t\t<div class=\"elementor-widget-container\">\n\t\t\t\t\t\t\t\t\t<p>We are entering the global pharmaceutical market through the incorporation of the Brazilian laboratory Pelenova Biotecnologia S\/A, renowned for its research and protein synthesis work derived from the latex of the rubber tree, Hevea brasiliensis. We have established four different fields of action focused on life sciences, with the aim of conquering the world through Brazil\u2019s biodiversity.<\/p>\t\t\t\t\t\t\t\t<\/div>\n\t\t\t\t<\/div>\n\t\t\t\t<\/div>\n\t\t<div class=\"elementor-element elementor-element-03bb01d e-con-full e-flex e-con e-child\" data-id=\"03bb01d\" data-element_type=\"container\" data-e-type=\"container\">\n\t\t\t\t<div class=\"elementor-element elementor-element-e399617 elementor-widget elementor-widget-image\" data-id=\"e399617\" data-element_type=\"widget\" data-e-type=\"widget\" data-widget_type=\"image.default\">\n\t\t\t\t<div class=\"elementor-widget-container\">\n\t\t\t\t\t\t\t\t\t\t\t\t\t\t\t<img loading=\"lazy\" decoding=\"async\" width=\"1024\" height=\"379\" src=\"https:\/\/biocure.com.br\/wp-content\/uploads\/2024\/07\/fabrica_biocure_02.jpg\" class=\"attachment-full size-full wp-image-47\" alt=\"\" srcset=\"https:\/\/biocure.com.br\/wp-content\/uploads\/2024\/07\/fabrica_biocure_02.jpg 1024w, https:\/\/biocure.com.br\/wp-content\/uploads\/2024\/07\/fabrica_biocure_02-300x111.jpg 300w, https:\/\/biocure.com.br\/wp-content\/uploads\/2024\/07\/fabrica_biocure_02-768x284.jpg 768w\" sizes=\"(max-width: 1024px) 100vw, 1024px\" \/>\t\t\t\t\t\t\t\t\t\t\t\t\t\t\t<\/div>\n\t\t\t\t<\/div>\n\t\t\t\t<\/div>\n\t\t\t\t<\/div>\n\t\t<div class=\"elementor-element elementor-element-ae34070 e-con-full e-flex e-con e-parent\" data-id=\"ae34070\" data-element_type=\"container\" data-e-type=\"container\">\n\t\t<div class=\"elementor-element elementor-element-34d506d e-con-full e-flex e-con e-child\" data-id=\"34d506d\" data-element_type=\"container\" data-e-type=\"container\" data-settings=\"{&quot;background_background&quot;:&quot;classic&quot;}\">\n\t\t\t\t<div class=\"elementor-element elementor-element-71feaae elementor-widget__width-initial elementor-widget-mobile__width-inherit elementor-widget elementor-widget-image\" data-id=\"71feaae\" data-element_type=\"widget\" data-e-type=\"widget\" data-widget_type=\"image.default\">\n\t\t\t\t<div class=\"elementor-widget-container\">\n\t\t\t\t\t\t\t\t\t\t\t\t\t\t\t<img loading=\"lazy\" decoding=\"async\" width=\"1273\" height=\"1427\" src=\"https:\/\/biocure.com.br\/wp-content\/uploads\/2024\/07\/Neuberg-Prata.png\" class=\"attachment-full size-full wp-image-48\" alt=\"\" srcset=\"https:\/\/biocure.com.br\/wp-content\/uploads\/2024\/07\/Neuberg-Prata.png 1273w, https:\/\/biocure.com.br\/wp-content\/uploads\/2024\/07\/Neuberg-Prata-268x300.png 268w, https:\/\/biocure.com.br\/wp-content\/uploads\/2024\/07\/Neuberg-Prata-913x1024.png 913w, https:\/\/biocure.com.br\/wp-content\/uploads\/2024\/07\/Neuberg-Prata-768x861.png 768w\" sizes=\"(max-width: 1273px) 100vw, 1273px\" \/>\t\t\t\t\t\t\t\t\t\t\t\t\t\t\t<\/div>\n\t\t\t\t<\/div>\n\t\t<div class=\"elementor-element elementor-element-337c1d7 e-con-full e-flex e-con e-child\" data-id=\"337c1d7\" data-element_type=\"container\" data-e-type=\"container\">\n\t\t\t\t<div class=\"elementor-element elementor-element-57fdceb elementor-widget elementor-widget-heading\" data-id=\"57fdceb\" data-element_type=\"widget\" data-e-type=\"widget\" data-widget_type=\"heading.default\">\n\t\t\t\t<div class=\"elementor-widget-container\">\n\t\t\t\t\t<h2 class=\"elementor-heading-title elementor-size-default\">INSTITUTO NEUBERG DE BIOTECNOLOGIA AVAN\u00c7ADA<\/h2>\t\t\t\t<\/div>\n\t\t\t\t<\/div>\n\t\t\t\t<div class=\"elementor-element elementor-element-98d53b1 elementor-widget elementor-widget-text-editor\" data-id=\"98d53b1\" data-element_type=\"widget\" data-e-type=\"widget\" data-widget_type=\"text-editor.default\">\n\t\t\t\t<div class=\"elementor-widget-container\">\n\t\t\t\t\t\t\t\t\t<p><span style=\"text-transform: none; font-family: 'Open Sans', sans-serif; font-size: 14px;\">BIOCURE PHARMA BIOTECHNOLOGY is the sponsor of the Instituto Neuberg de Biotecnologia Avan\u00e7ada. Named after the German biochemist Carl Alexander Neuberg, considered the \u201cfather of biochemistry,\u201d its focus is the research and development of active ingredients derived from Brazilian biodiversity through cooperation agreements with several leading Brazilian academic centers.<\/span><br style=\"font-size: 16px; text-transform: none; font-family: 'Open Sans', sans-serif;\" \/><span style=\"text-transform: none; font-family: 'Open Sans', sans-serif; font-size: 14px;\">Named after the German biochemist Carl Alexander Neuberg, considered the \u201cfather of biochemistry,\u201d its focus is on research and development of active principles based on Brazilian biodiversity, upon signing cooperation agreements with several Brazilian academic centers of excellence.<\/span><\/p>\t\t\t\t\t\t\t\t<\/div>\n\t\t\t\t<\/div>\n\t\t\t\t<\/div>\n\t\t\t\t<\/div>\n\t\t\t\t<\/div>\n\t\t<div class=\"elementor-element elementor-element-19aa6a1 e-con-full e-flex e-con e-parent\" data-id=\"19aa6a1\" data-element_type=\"container\" data-e-type=\"container\">\n\t\t<div class=\"elementor-element elementor-element-a64124c e-con-full e-flex e-con e-child\" data-id=\"a64124c\" data-element_type=\"container\" data-e-type=\"container\" data-settings=\"{&quot;background_background&quot;:&quot;classic&quot;}\">\n\t\t\t\t<div class=\"elementor-element elementor-element-e71db6e elementor-widget elementor-widget-spacer\" data-id=\"e71db6e\" data-element_type=\"widget\" data-e-type=\"widget\" data-widget_type=\"spacer.default\">\n\t\t\t\t<div class=\"elementor-widget-container\">\n\t\t\t\t\t\t\t<div class=\"elementor-spacer\">\n\t\t\t<div class=\"elementor-spacer-inner\"><\/div>\n\t\t<\/div>\n\t\t\t\t\t\t<\/div>\n\t\t\t\t<\/div>\n\t\t\t\t<\/div>\n\t\t\t\t<\/div>\n\t\t\t\t<\/div>","protected":false},"excerpt":{"rendered":"<p>BIOCURE PHARMA BIOTECHNOLOGY: A BIODIVERSIDADE BRASILEIRA SOB UM NOVO OLHAR CIENT\u00cdFICO. Somos uma empresa que acredita no poder da ci\u00eancia. Mas que, acima de tudo, trabalha com profundo respeito e aten\u00e7\u00e3o \u00e0 natureza. Acreditamos que somente com o rigor do m\u00e9todo cient\u00edfico e da pesquisa incessante \u00e9 que podemos transformar conhecimento em sa\u00fade e bem-estar [&hellip;]<\/p>","protected":false},"author":1,"featured_media":0,"parent":0,"menu_order":0,"comment_status":"closed","ping_status":"closed","template":"elementor_header_footer","meta":{"footnotes":""},"class_list":["post-10","page","type-page","status-publish","hentry"],"_links":{"self":[{"href":"https:\/\/biocure.com.br\/en\/wp-json\/wp\/v2\/pages\/10","targetHints":{"allow":["GET"]}}],"collection":[{"href":"https:\/\/biocure.com.br\/en\/wp-json\/wp\/v2\/pages"}],"about":[{"href":"https:\/\/biocure.com.br\/en\/wp-json\/wp\/v2\/types\/page"}],"author":[{"embeddable":true,"href":"https:\/\/biocure.com.br\/en\/wp-json\/wp\/v2\/users\/1"}],"replies":[{"embeddable":true,"href":"https:\/\/biocure.com.br\/en\/wp-json\/wp\/v2\/comments?post=10"}],"version-history":[{"count":133,"href":"https:\/\/biocure.com.br\/en\/wp-json\/wp\/v2\/pages\/10\/revisions"}],"predecessor-version":[{"id":444,"href":"https:\/\/biocure.com.br\/en\/wp-json\/wp\/v2\/pages\/10\/revisions\/444"}],"wp:attachment":[{"href":"https:\/\/biocure.com.br\/en\/wp-json\/wp\/v2\/media?parent=10"}],"curies":[{"name":"wp","href":"https:\/\/api.w.org\/{rel}","templated":true}]}}